{"id":1092,"date":"2026-04-07T10:20:39","date_gmt":"2026-04-07T03:20:39","guid":{"rendered":"https:\/\/thienanth.io.vn\/?post_type=product&#038;p=1092"},"modified":"2026-04-07T10:20:39","modified_gmt":"2026-04-07T03:20:39","slug":"nha-kho-nha-xe-thong-minh-khung-thep","status":"publish","type":"product","link":"https:\/\/thienanth.io.vn\/en\/product\/nha-kho-nha-xe-thong-minh-khung-thep\/","title":{"rendered":"Nh\u00e0 Kho, Nh\u00e0 Xe Th\u00f4ng Minh Khung Th\u00e9p"},"content":{"rendered":"<p><span style=\"font-weight: 400;\">B\u1ea1n \u0111ang c\u1ea7n m\u1ed9t <\/span><b>gara \u00f4 t\u00f4<\/b><span style=\"font-weight: 400;\"> an to\u00e0n \u0111\u1ec3 b\u1ea3o v\u1ec7 x\u1ebf h\u1ed9p kh\u1ecfi n\u1eafng m\u01b0a r\u00e1t m\u1eb7t? Ho\u1eb7c m\u1ed9t <\/span><b>kho v\u1eadt t\u01b0<\/b><span style=\"font-weight: 400;\">, <\/span><b>kho n\u00f4ng c\u1ee5<\/b><span style=\"font-weight: 400;\"> ti\u1ec7n l\u1ee3i ngay t\u1ea1i n\u00f4ng tr\u1ea1i m\u00e0 kh\u00f4ng mu\u1ed1n t\u1ed1n k\u00e9m chi ph\u00ed, gi\u1ea5y ph\u00e9p x\u00e2y d\u1ef1ng nh\u00e0 x\u01b0\u1edfng ki\u00ean c\u1ed1?<\/span><\/p>\n<p><span style=\"font-weight: 400;\">B\u1ed9 s\u1ea3n ph\u1ea9m <\/span><b>Nh\u00e0 kho, nh\u00e0 xe th\u00f4ng minh<\/b><span style=\"font-weight: 400;\"> b\u1eb1ng khung th\u00e9p l\u1eafp r\u00e1p t\u1eeb Metaltech 1 ch\u00ednh l\u00e0 c\u00e2u tr\u1ea3 l\u1eddi ho\u00e0n h\u1ea3o. \u0110\u00e2y kh\u00f4ng ch\u1ec9 l\u00e0 m\u1ed9t chi\u1ebfc <\/span><b>gara mini<\/b><span style=\"font-weight: 400;\">, m\u00e0 l\u00e0 m\u1ed9t gi\u1ea3i ph\u00e1p kh\u00f4ng gian linh ho\u1ea1t, b\u1ec1n v\u1eefng cho m\u1ecdi nhu c\u1ea7u t\u1eeb gia \u0111\u00ecnh \u0111\u1ebfn doanh nghi\u1ec7p.<\/span><\/p>\n<h2><b>1. \u01afu \u0110i\u1ec3m V\u01b0\u1ee3t Tr\u1ed9i C\u1ee7a Nh\u00e0 Xe Khung Th\u00e9p Metaltech 1<\/b><\/h2>\n<ul>\n<li style=\"font-weight: 400;\" aria-level=\"1\"><b>B\u1ea3o v\u1ec7 to\u00e0n di\u1ec7n tr\u01b0\u1edbc th\u1eddi ti\u1ebft:<\/b><span style=\"font-weight: 400;\"> S\u1ea3n ph\u1ea9m s\u1eed d\u1ee5ng d\u00f2ng v\u1ea3i b\u1ea1t MSV b\u1ea1c \u00e1nh kim cao c\u1ea5p (tu\u1ed5i th\u1ecd t\u01b0\u01a1ng \u0111\u01b0\u01a1ng d\u00f2ng b\u1ea1t Tarpaulin SB chuy\u00ean d\u1ee5ng). L\u1edbp <\/span><b>b\u1ea1t che m\u01b0a, b\u1ea1t che n\u1eafng<\/b><span style=\"font-weight: 400;\"> n\u00e0y c\u00f3 kh\u1ea3 n\u0103ng ch\u1ed1ng th\u1ea5m n\u01b0\u1edbc 100%, ng\u0103n ch\u1eb7n s\u01b0\u01a1ng m\u00f9, b\u1ee5i b\u1ea9n v\u00e0 <\/span><b>ch\u1ed1ng tia UV<\/b><span style=\"font-weight: 400;\"> hi\u1ec7u qu\u1ea3, gi\u00fap s\u01a1n xe kh\u00f4ng b\u1ecb ng\u1ea3 m\u00e0u, linh ki\u1ec7n kh\u00f4ng b\u1ecb l\u00e3o h\u00f3a.<\/span><\/li>\n<li style=\"font-weight: 400;\" aria-level=\"1\"><b>K\u1ebft c\u1ea5u th\u00e9p v\u1eefng ch\u00e3i, ch\u1ed1ng gi\u00f3 b\u00e3o:<\/b><span style=\"font-weight: 400;\"> Khung x\u01b0\u01a1ng \u0111\u01b0\u1ee3c t\u1ea1o n\u00ean t\u1eeb 8 b\u1ed9 v\u00f2m th\u00e9p \u1ed1ng c\u00f3 \u0111\u01b0\u1eddng k\u00ednh l\u00ean t\u1edbi \u00d825.4mm. \u0110\u1ed9 d\u00e0y \u1ed1ng th\u00e9p ti\u00eau chu\u1ea9n k\u1ebft h\u1ee3p v\u1edbi c\u00e1c kh\u1edbp n\u1ed1i th\u00f4ng minh gi\u00fap t\u1ea1o ra m\u1ed9t h\u1ec7 khung c\u1ee9ng c\u00e1p, ch\u1ecbu l\u1ef1c t\u1ef3 \u0111\u00e8 v\u00e0 s\u1ee9c gi\u00f3 c\u1ef1c t\u1ed1t.<\/span><\/li>\n<li style=\"font-weight: 400;\" aria-level=\"1\"><b>Thi\u1ebft k\u1ebf m\u00e0n r\u00e8m th\u00f4ng tho\u00e1ng:<\/b><span style=\"font-weight: 400;\"> \u0110\u01b0\u1ee3c trang b\u1ecb h\u1ec7 th\u1ed1ng r\u00e8m cu\u1ed1n \u1edf c\u1ea3 m\u1eb7t tr\u01b0\u1edbc v\u00e0 m\u1eb7t sau. Khi c\u1ea7n b\u1ea3o v\u1ec7, b\u1ea1n c\u00f3 th\u1ec3 \u0111\u00f3ng k\u00edn ho\u00e0n to\u00e0n. Khi c\u1ea7n l\u00e0m vi\u1ec7c b\u00ean trong, ch\u1ec9 c\u1ea7n m\u1edf r\u00e8m \u0111\u1ec3 t\u1ea1o lu\u1ed3ng gi\u00f3 l\u01b0u th\u00f4ng m\u00e1t m\u1ebb.<\/span><\/li>\n<li style=\"font-weight: 400;\" aria-level=\"1\"><b>Ti\u1ec7n l\u1ee3i &#8220;Plug &amp; Play&#8221; (D\u1ec5 d\u00e0ng l\u1eafp \u0111\u1eb7t):<\/b><span style=\"font-weight: 400;\"> H\u1ec7 th\u1ed1ng \u0111\u01b0\u1ee3c thi\u1ebft k\u1ebf d\u1ea1ng module l\u1eafp r\u00e1p. S\u1ea3n ph\u1ea9m \u0111i k\u00e8m b\u1ed9 t\u00e0i li\u1ec7u h\u01b0\u1edbng d\u1eabn chi ti\u1ebft, cho ph\u00e9p kh\u00e1ch h\u00e0ng t\u1ef1 l\u1eafp gh\u00e9p nhanh ch\u00f3ng t\u1ea1i nh\u00e0 m\u00e0 kh\u00f4ng c\u1ea7n ph\u1ea3i thu\u00ea th\u1ee3 c\u01a1 kh\u00ed chuy\u00ean nghi\u1ec7p hay s\u1eed d\u1ee5ng m\u00e1y h\u00e0n.<\/span><\/li>\n<\/ul>\n<h2><b>2. \u1ee8ng D\u1ee5ng \u0110a N\u0103ng Tr\u1ea3i D\u00e0i M\u1ecdi Nhu C\u1ea7u<\/b><\/h2>\n<p><span style=\"font-weight: 400;\">S\u1ee9c h\u00fat c\u1ee7a <\/span><b>nh\u00e0 b\u1ea1t<\/b><span style=\"font-weight: 400;\"> th\u00f4ng minh n\u1eb1m \u1edf kh\u1ea3 n\u0103ng bi\u1ebfn h\u00f3a c\u00f4ng n\u0103ng kh\u00f4ng gi\u1edbi h\u1ea1n:<\/span><\/p>\n<ul>\n<li style=\"font-weight: 400;\" aria-level=\"1\"><b>Gara \u00f4 t\u00f4, nh\u00e0 \u0111\u1ec3 xe m\u00e1y:<\/b><span style=\"font-weight: 400;\"> K\u00edch th\u01b0\u1edbc thi\u1ebft k\u1ebf v\u00f4 c\u00f9ng r\u1ed9ng r\u00e3i, xe m\u1eabu th\u1eed nghi\u1ec7m l\u00e0 chi\u1ebfc <\/span><i><span style=\"font-weight: 400;\">Toyota Alphard<\/span><\/i><span style=\"font-weight: 400;\"> \u2013 minh ch\u1ee9ng r\u00f5 n\u00e9t cho s\u1ee9c ch\u1ee9a tho\u1ea3i m\u00e1i \u0111\u1ed1i v\u1edbi c\u00e1c d\u00f2ng xe minivan, SUV 5\u20137 ch\u1ed7 c\u1ee1 l\u1edbn v\u00e0 nhi\u1ec1u xe m\u00e1y c\u00f9ng l\u00fac.<\/span><\/li>\n<li style=\"font-weight: 400;\" aria-level=\"1\"><b>Nh\u00e0 xe di \u0111\u1ed9ng:<\/b><span style=\"font-weight: 400;\"> D\u1ec5 d\u00e0ng th\u00e1o d\u1ee1 v\u00e0 di d\u1eddi sang v\u1ecb tr\u00ed m\u1eb7t b\u1eb1ng m\u1edbi khi c\u1ea7n thi\u1ebft, kh\u00f4ng \u0111\u1ec3 l\u1ea1i r\u00e1c th\u1ea3i x\u00e2y d\u1ef1ng.<\/span><\/li>\n<li style=\"font-weight: 400;\" aria-level=\"1\"><b>Gi\u1ea3i ph\u00e1p nh\u00e0 kho th\u00f4ng minh:<\/b><span style=\"font-weight: 400;\"> S\u1eed d\u1ee5ng l\u00e0m n\u01a1i l\u01b0u tr\u1eef v\u1eadt t\u01b0 thi c\u00f4ng t\u1ea1i c\u00f4ng tr\u01b0\u1eddng, l\u00e0m nh\u00e0 x\u01b0\u1edfng mini, kho ch\u1ee9a ph\u00e2n b\u00f3n, n\u00f4ng s\u1ea3n hay n\u01a1i c\u1ea5t gi\u1eef c\u00e1c lo\u1ea1i m\u00e1y c\u00e0y, m\u00e1y g\u1eb7t c\u1ee1 nh\u1ecf.<\/span><\/li>\n<\/ul>\n<h2><b>3. Th\u00f4ng S\u1ed1 K\u1ef9 Thu\u1eadt Chi Ti\u1ebft<\/b><\/h2>\n<table>\n<tbody>\n<tr>\n<td><b>Thu\u1ed9c t\u00ednh<\/b><\/td>\n<td><b>Th\u00f4ng s\u1ed1<\/b><\/td>\n<\/tr>\n<tr>\n<td><b>K\u00edch th\u01b0\u1edbc t\u1ed5ng th\u1ec3 (Ph\u1ee7 b\u00ec)<\/b><\/td>\n<td><span style=\"font-weight: 400;\">R\u1ed9ng 3.2m \u00d7 S\u00e2u 5.6m \u00d7 Cao 2.6m<\/span><\/td>\n<\/tr>\n<tr>\n<td><b>K\u00edch th\u01b0\u1edbc c\u1eeda (L\u1ecdt l\u00f2ng)<\/b><\/td>\n<td><span style=\"font-weight: 400;\">R\u1ed9ng 3.0m \u00d7 Cao 2.0m<\/span><\/td>\n<\/tr>\n<tr>\n<td><b>K\u1ebft c\u1ea5u khung<\/b><\/td>\n<td><span style=\"font-weight: 400;\">8 khung v\u00f2m th\u00e9p u\u1ed1n CNC<\/span><\/td>\n<\/tr>\n<tr>\n<td><b>\u0110\u01b0\u1eddng k\u00ednh \u1ed1ng th\u00e9p<\/b><\/td>\n<td><span style=\"font-weight: 400;\">\u00d8 25.4 mm (Ch\u1ecbu l\u1ef1c cao)<\/span><\/td>\n<\/tr>\n<tr>\n<td><b>Ch\u1ea5t li\u1ec7u b\u1ea1t ph\u1ee7<\/b><\/td>\n<td><span style=\"font-weight: 400;\">V\u1ea3i b\u1ea1t MSV b\u1ea1c \u00e1nh kim (\u0110\u1ed9 b\u1ec1n t\u01b0\u01a1ng \u0111\u01b0\u01a1ng Tarpaulin SB)<\/span><\/td>\n<\/tr>\n<tr>\n<td><b>C\u1ea5u h\u00ecnh \u0111\u00f3ng\/m\u1edf<\/b><\/td>\n<td><span style=\"font-weight: 400;\">R\u00e8m cu\u1ed1n m\u1eb7t tr\u01b0\u1edbc v\u00e0 m\u1eb7t sau<\/span><\/td>\n<\/tr>\n<\/tbody>\n<\/table>\n<h2><b>4. Ch\u00ednh S\u00e1ch H\u1eadu M\u00e3i V\u01b0\u1ee3t Tr\u1ed9i T\u1eeb Metaltech 1<\/b><\/h2>\n<p><span style=\"font-weight: 400;\">Hi\u1ec3u \u0111\u01b0\u1ee3c n\u1ed7i lo c\u1ee7a kh\u00e1ch h\u00e0ng v\u1ec1 vi\u1ec7c b\u1ea1t ph\u1ee7 c\u00f3 th\u1ec3 b\u1ecb r\u00e1ch do va qu\u1ec7t s\u1ef1 c\u1ed1 sau nhi\u1ec1u n\u0103m s\u1eed d\u1ee5ng, Metaltech 1 cung c\u1ea5p <\/span><b>d\u1ecbch v\u1ee5 b\u00e1n r\u1eddi b\u1ea1t thay th\u1ebf<\/b><span style=\"font-weight: 400;\">. B\u1ea1n ho\u00e0n to\u00e0n c\u00f3 th\u1ec3 t\u00e1i s\u1eed d\u1ee5ng b\u1ed9 khung th\u00e9p nguy\u00ean b\u1ea3n v\u00e0 ch\u1ec9 c\u1ea7n mua t\u1ea5m b\u1ea1t m\u1edbi \u0111\u1ec3 &#8220;m\u1eb7c \u00e1o m\u1edbi&#8221; cho nh\u00e0 kho c\u1ee7a m\u00ecnh v\u1edbi chi ph\u00ed c\u1ef1c k\u1ef3 ti\u1ebft ki\u1ec7m.<\/span><\/p>","protected":false},"excerpt":{"rendered":"<p><b>Nh\u00e0 Kho &#8211; Nh\u00e0 Xe Th\u00f4ng Minh Khung Th\u00e9p &amp; B\u1ea1t MSV Cao C\u1ea5p<\/b><span style=\"font-weight: 400;\"> l\u00e0 gi\u1ea3i ph\u00e1p che ch\u1eafn linh ho\u1ea1t, thay th\u1ebf ho\u00e0n h\u1ea3o cho c\u00e1c c\u00f4ng tr\u00ecnh x\u00e2y d\u1ef1ng ki\u00ean c\u1ed1 \u0111\u1eaft \u0111\u1ecf. V\u1edbi k\u1ebft c\u1ea5u khung th\u00e9p ch\u1ecbu l\u1ef1c v\u1eefng ch\u1eafc v\u00e0 l\u1edbp b\u1ea1t MSV b\u1ea1c \u00e1nh kim ch\u1ed1ng th\u1ea5m, s\u1ea3n ph\u1ea9m mang \u0111\u1ebfn kh\u00f4ng gian an to\u00e0n \u0111\u1ec3 b\u1ea3o v\u1ec7 \u00f4 t\u00f4 (ch\u1ee9a v\u1eeba c\u00e1c d\u00f2ng xe 5 &#8211; 7 ch\u1ed7 nh\u01b0 Toyota Alphard), xe m\u00e1y, ho\u1eb7c l\u00e0m kho l\u01b0u tr\u1eef v\u1eadt t\u01b0 n\u00f4ng nghi\u1ec7p, c\u00f4ng nghi\u1ec7p.<\/span><\/p>\n<ul>\n<li style=\"font-weight: 400;\" aria-level=\"1\"><b>Th\u01b0\u01a1ng hi\u1ec7u:<\/b><span style=\"font-weight: 400;\"> METALTECH 1 \u2013 Gia c\u00f4ng c\u01a1 kh\u00ed Bi\u00ean H\u00f2a, \u0110\u1ed3ng Nai.<\/span><\/li>\n<li style=\"font-weight: 400;\" aria-level=\"1\"><b>K\u00edch th\u01b0\u1edbc:<\/b><span style=\"font-weight: 400;\"> R\u1ed9ng 3.2m \u00d7 S\u00e2u 5.6m \u00d7 Cao 2.6m.<\/span><\/li>\n<li><b>\u0110\u1eb7c t\u00ednh:<\/b><span style=\"font-weight: 400;\"> Ch\u1ed1ng tia UV, ch\u1ed1ng gi\u00f3 b\u00e3o, d\u1ec5 d\u00e0ng t\u1ef1 l\u1eafp \u0111\u1eb7t.<\/span><\/li>\n<\/ul>","protected":false},"featured_media":1093,"comment_status":"open","ping_status":"closed","template":"","meta":[],"product_brand":[],"product_cat":[25],"product_tag":[],"class_list":{"0":"post-1092","1":"product","2":"type-product","3":"status-publish","4":"has-post-thumbnail","6":"product_cat-bat-che","8":"first","9":"instock","10":"shipping-taxable","11":"product-type-simple"},"_links":{"self":[{"href":"https:\/\/thienanth.io.vn\/en\/wp-json\/wp\/v2\/product\/1092","targetHints":{"allow":["GET"]}}],"collection":[{"href":"https:\/\/thienanth.io.vn\/en\/wp-json\/wp\/v2\/product"}],"about":[{"href":"https:\/\/thienanth.io.vn\/en\/wp-json\/wp\/v2\/types\/product"}],"replies":[{"embeddable":true,"href":"https:\/\/thienanth.io.vn\/en\/wp-json\/wp\/v2\/comments?post=1092"}],"wp:featuredmedia":[{"embeddable":true,"href":"https:\/\/thienanth.io.vn\/en\/wp-json\/wp\/v2\/media\/1093"}],"wp:attachment":[{"href":"https:\/\/thienanth.io.vn\/en\/wp-json\/wp\/v2\/media?parent=1092"}],"wp:term":[{"taxonomy":"product_brand","embeddable":true,"href":"https:\/\/thienanth.io.vn\/en\/wp-json\/wp\/v2\/product_brand?post=1092"},{"taxonomy":"product_cat","embeddable":true,"href":"https:\/\/thienanth.io.vn\/en\/wp-json\/wp\/v2\/product_cat?post=1092"},{"taxonomy":"product_tag","embeddable":true,"href":"https:\/\/thienanth.io.vn\/en\/wp-json\/wp\/v2\/product_tag?post=1092"}],"curies":[{"name":"wp","href":"https:\/\/api.w.org\/{rel}","templated":true}]}}