{"id":1086,"date":"2026-04-07T10:16:34","date_gmt":"2026-04-07T03:16:34","guid":{"rendered":"https:\/\/thienanth.io.vn\/?post_type=product&#038;p=1086"},"modified":"2026-04-07T10:16:34","modified_gmt":"2026-04-07T03:16:34","slug":"chuong-thu-cung-inox","status":"publish","type":"product","link":"https:\/\/thienanth.io.vn\/en\/product\/chuong-thu-cung-inox\/","title":{"rendered":"Chu\u1ed3ng Th\u00fa C\u01b0ng Inox"},"content":{"rendered":"<p><span style=\"font-weight: 400;\">Kh\u00e1c v\u1edbi c\u00e1c lo\u1ea1i chu\u1ed3ng s\u1eaft s\u01a1n d\u1ec5 b\u1ecb bong tr\u00f3c, r\u1ec9 s\u00e9t do t\u00e1c \u0111\u1ed9ng c\u1ee7a n\u01b0\u1edbc ti\u1ec3u hay chu\u1ed3ng nh\u1ef1a k\u00e9m b\u1ec1n, <\/span><b>Chu\u1ed3ng th\u00fa c\u01b0ng inox MT1-CCI<\/b><span style=\"font-weight: 400;\"> do Metaltech 1 gia c\u00f4ng mang \u0111\u1ebfn m\u1ed9t kh\u00f4ng gian s\u1ed1ng s\u1ea1ch s\u1ebd, kh\u00e1ng khu\u1ea9n v\u00e0 c\u1ef1c k\u1ef3 b\u1ec1n b\u1ec9. S\u1ea3n ph\u1ea9m \u0111\u01b0\u1ee3c nghi\u00ean c\u1ee9u k\u1ef9 l\u01b0\u1ee1ng v\u1ec1 m\u1eb7t thi\u1ebft k\u1ebf \u0111\u1ec3 t\u1ed1i \u01b0u h\u00f3a vi\u1ec7c ch\u0103m s\u00f3c th\u00fa c\u01b0ng m\u1ed7i ng\u00e0y.<\/span><\/p>\n<h2><b>1. \u01afu \u0110i\u1ec3m Thi\u1ebft K\u1ebf N\u1ed5i B\u1eadt<\/b><\/h2>\n<ul>\n<li style=\"font-weight: 400;\" aria-level=\"1\"><b>V\u1eadt li\u1ec7u Inox b\u00f3ng b\u1ec1n, ch\u1ed1ng r\u1ec9:<\/b><span style=\"font-weight: 400;\"> To\u00e0n b\u1ed9 khung v\u00e0 nan chu\u1ed3ng \u0111\u01b0\u1ee3c l\u00e0m t\u1eeb Inox cao c\u1ea5p (t\u00f9y ch\u1ecdn 201 ho\u1eb7c 304). B\u1ec1 m\u1eb7t s\u00e1ng b\u00f3ng kh\u00f4ng ch\u1ec9 sang tr\u1ecdng m\u00e0 c\u00f2n d\u1ec5 d\u00e0ng lau ch\u00f9i, ch\u1ecbu \u0111\u01b0\u1ee3c m\u00f4i tr\u01b0\u1eddng \u1ea9m \u01b0\u1edbt th\u01b0\u1eddng xuy\u00ean khi t\u1eafm r\u1eeda cho th\u00fa c\u01b0ng.<\/span><\/li>\n<li style=\"font-weight: 400;\" aria-level=\"1\"><b>H\u1ec7 th\u1ed1ng v\u1ec7 sinh th\u00f4ng minh:<\/b><span style=\"font-weight: 400;\"> * <\/span><b>S\u00e0n nh\u1ef1a PP l\u00f3t ch\u00e2n:<\/b><span style=\"font-weight: 400;\"> Thi\u1ebft k\u1ebf c\u00e1c khe tho\u00e1ng gi\u00fap tho\u00e1t ph\u00e2n v\u00e0 n\u01b0\u1edbc ti\u1ec3u nhanh ch\u00f3ng. S\u00e0n nh\u1ef1a c\u00f3 \u0111\u1ed9 \u0111\u00e0n h\u1ed3i t\u1ed1t, ch\u1ed1ng tr\u01a1n tr\u01b0\u1ee3t, gi\u1eef cho b\u00e0n ch\u00e2n th\u00fa c\u01b0ng lu\u00f4n kh\u00f4 r\u00e1o, kh\u00f4ng b\u1ecb k\u1eb9t m\u00f3ng v\u00e0 h\u1ea1n ch\u1ebf t\u1ed1i \u0111a m\u00f9i h\u00f4i.<\/span>\n<ul>\n<li style=\"font-weight: 400;\" aria-level=\"2\"><b>Khay h\u1ee9ng k\u00e9o r\u1eddi:<\/b><span style=\"font-weight: 400;\"> \u0110\u1eb7t ngay d\u01b0\u1edbi v\u1ec9 nh\u1ef1a. Ng\u01b0\u1eddi nu\u00f4i ch\u1ec9 c\u1ea7n k\u00e9o nh\u1eb9 khay ra \u0111\u1ec3 \u0111\u1ed5 ch\u1ea5t th\u1ea3i v\u00e0 x\u1ecbt r\u1eeda m\u00e0 kh\u00f4ng c\u1ea7n ph\u1ea3i l\u00f9a th\u00fa c\u01b0ng ra ngo\u00e0i hay di chuy\u1ec3n c\u1ea3 c\u00e1i chu\u1ed3ng n\u1eb7ng n\u1ec1.<\/span><\/li>\n<\/ul>\n<\/li>\n<li style=\"font-weight: 400;\" aria-level=\"1\"><b>C\u1eeda m\u1edf ti\u1ec7n l\u1ee3i &amp; Kh\u00f3a an to\u00e0n:<\/b><span style=\"font-weight: 400;\"> T\u00edch h\u1ee3p c\u1eeda tr\u01b0\u1edbc m\u1edf r\u1ed9ng v\u00e0 n\u1eafp l\u1eadt ph\u00eda tr\u00ean, gi\u00fap vi\u1ec7c b\u1ebf th\u00fa c\u01b0ng ra v\u00e0o, cho \u0103n hay v\u1ec7 sinh b\u00ean trong tr\u1edf n\u00ean c\u1ef1c k\u1ef3 d\u1ec5 d\u00e0ng. H\u1ec7 th\u1ed1ng ch\u1ed1t c\u00e0i \u0111\u01b0\u1ee3c gia c\u00f4ng ch\u1eafc ch\u1eafn, ch\u1ed1ng hi\u1ec7n t\u01b0\u1ee3ng th\u00fa c\u01b0ng t\u1ef1 h\u00fac m\u0169i l\u00e0m bung c\u1eeda khi v\u1eadn \u0111\u1ed9ng m\u1ea1nh.<\/span><\/li>\n<li style=\"font-weight: 400;\" aria-level=\"1\"><b>Di chuy\u1ec3n nh\u1eb9 nh\u00e0ng:<\/b><span style=\"font-weight: 400;\"> Ch\u00e2n chu\u1ed3ng trang b\u1ecb 4 b\u00e1nh xe b\u1ecdc PU\/cao su xoay 360 \u0111\u1ed9 \u00eam \u00e1i, kh\u00f4ng l\u00e0m x\u01b0\u1edbc n\u1ec1n g\u1ea1ch. T\u00edch h\u1ee3p ch\u1ed1t kh\u00f3a phanh c\u1ed1 \u0111\u1ecbnh \u0111\u1ec3 gi\u1eef chu\u1ed3ng \u0111\u1ee9ng y\u00ean khi c\u1ea7n thi\u1ebft.<\/span><\/li>\n<li style=\"font-weight: 400;\" aria-level=\"1\"><b>Gia c\u00f4ng tinh x\u1ea3o, an to\u00e0n tuy\u1ec7t \u0111\u1ed1i:<\/b><span style=\"font-weight: 400;\"> C\u00e1c k\u1ef9 s\u01b0 c\u1ee7a Metaltech 1 x\u1eed l\u00fd m\u1ed1i h\u00e0n v\u00f4 c\u00f9ng li\u1ec1n m\u1ea1ch, \u0111\u00e1nh b\u00f3ng k\u1ef9 l\u01b0\u1ee1ng v\u00e0 bo tr\u00f2n m\u1ecdi g\u00f3c c\u1ea1nh, lo\u1ea1i b\u1ecf ho\u00e0n to\u00e0n d\u1eb1m kim lo\u1ea1i (ba-\u1edb) \u0111\u1ec3 kh\u00f4ng l\u00e0m x\u01b0\u1edbc da th\u00fa c\u01b0ng.<\/span><\/li>\n<\/ul>\n<h2><b>2. \u1ee8ng D\u1ee5ng \u0110a N\u0103ng<\/b><\/h2>\n<p><span style=\"font-weight: 400;\">Nh\u1edd kh\u1ea3 n\u0103ng t\u00f9y bi\u1ebfn k\u00edch th\u01b0\u1edbc v\u00e0 c\u1ea5u h\u00ecnh, chu\u1ed3ng inox MT1-CCI ph\u00f9 h\u1ee3p v\u1edbi nhi\u1ec1u m\u1ee5c \u0111\u00edch s\u1eed d\u1ee5ng:<\/span><\/p>\n<ul>\n<li style=\"font-weight: 400;\" aria-level=\"1\"><b>H\u1ed9 gia \u0111\u00ecnh:<\/b><span style=\"font-weight: 400;\"> Kh\u00f4ng gian nu\u00f4i nh\u1ed1t an to\u00e0n, s\u1ea1ch s\u1ebd cho c\u00e1c gi\u1ed1ng ch\u00f3 l\u1edbn, ch\u00f3 nh\u1ecf v\u00e0 m\u00e8o.<\/span><\/li>\n<li style=\"font-weight: 400;\" aria-level=\"1\"><b>C\u01a1 s\u1edf kinh doanh:<\/b><span style=\"font-weight: 400;\"> Pet shop, Spa l\u00e0m \u0111\u1eb9p th\u00fa c\u01b0ng, Kh\u00e1ch s\u1ea1n th\u00fa c\u01b0ng.<\/span><\/li>\n<li style=\"font-weight: 400;\" aria-level=\"1\"><b>C\u01a1 s\u1edf y t\u1ebf:<\/b><span style=\"font-weight: 400;\"> Tr\u1ea1m c\u1ee9u h\u1ed9, B\u1ec7nh vi\u1ec7n\/Ph\u00f2ng kh\u00e1m th\u00fa y (R\u1ea5t chu\u1ed9ng lo\u1ea1i Inox 304 \u0111\u1ec3 \u0111\u1ea3m b\u1ea3o v\u00f4 tr\u00f9ng tuy\u1ec7t \u0111\u1ed1i).<\/span><\/li>\n<\/ul>\n<h2><b>3. Th\u00f4ng S\u1ed1 K\u1ef9 Thu\u1eadt (S\u1ea3n Xu\u1ea5t Theo Y\u00eau C\u1ea7u)<\/b><\/h2>\n<table>\n<tbody>\n<tr>\n<td><b>Ti\u00eau ch\u00ed<\/b><\/td>\n<td><b>Th\u00f4ng s\u1ed1 tham kh\u1ea3o (C\u00f3 th\u1ec3 t\u00f9y ch\u1ec9nh)<\/b><\/td>\n<\/tr>\n<tr>\n<td><b>K\u00edch th\u01b0\u1edbc (R\u1ed9ng x S\u00e2u x Cao)<\/b><\/td>\n<td><i><span style=\"font-weight: 400;\">T\u00f9y ch\u1ecdn:<\/span><\/i><span style=\"font-weight: 400;\"> 80x60x80 cm \/ 100x70x90 cm \/ 120x80x100 cm&#8230;<\/span><\/td>\n<\/tr>\n<tr>\n<td><b>V\u1eadt li\u1ec7u khung &amp; nan<\/b><\/td>\n<td><span style=\"font-weight: 400;\">Inox 201 ho\u1eb7c Inox 304 (S\u1eed d\u1ee5ng \u1ed1ng\/h\u1ed9p v\u00e0 nan tr\u00f2n \u0111\u1eb7c)<\/span><\/td>\n<\/tr>\n<tr>\n<td><b>S\u00e0n l\u00f3t ch\u00e2n<\/b><\/td>\n<td><span style=\"font-weight: 400;\">Nh\u1ef1a PP ch\u1ecbu l\u1ef1c, khe tho\u00e1t ph\u00e2n t\u1ed1i \u01b0u<\/span><\/td>\n<\/tr>\n<tr>\n<td><b>Khay h\u1ee9ng ch\u1ea5t th\u1ea3i<\/b><\/td>\n<td><span style=\"font-weight: 400;\">Nh\u1ef1a HDPE\/ABS si\u00eau b\u1ec1n, thi\u1ebft k\u1ebf r\u00e3nh k\u00e9o tr\u01b0\u1ee3t<\/span><\/td>\n<\/tr>\n<tr>\n<td><b>B\u00e1nh xe di chuy\u1ec3n<\/b><\/td>\n<td><span style=\"font-weight: 400;\">PU\/Cao su xoay 360\u00b0 (\u00cdt nh\u1ea5t 2 b\u00e1nh c\u00f3 ch\u1ed1t kh\u00f3a phanh)<\/span><\/td>\n<\/tr>\n<tr>\n<td><b>Ph\u1ee5 ki\u1ec7n &amp; T\u00f9y ch\u1ecdn th\u00eam<\/b><\/td>\n<td><span style=\"font-weight: 400;\">V\u00e1ch ng\u0103n chia 2 \u00f4, g\u00e1 treo b\u00e1t \u0103n inox, m\u00e1i che, kh\u1eafc logo&#8230;<\/span><\/td>\n<\/tr>\n<\/tbody>\n<\/table>\n<h2><b>4. L\u1ee3i \u00cdch Khi Ch\u1ecdn Gia C\u00f4ng T\u1ea1i Metaltech 1<\/b><\/h2>\n<ul>\n<li style=\"font-weight: 400;\" aria-level=\"1\"><b>Thi\u1ebft k\u1ebf \u0111o ni \u0111\u00f3ng gi\u00e0y:<\/b><span style=\"font-weight: 400;\"> Ch\u00fang t\u00f4i kh\u00f4ng b\u00e1n h\u00e0ng \u0111\u1ea1i tr\u00e0. Chu\u1ed3ng \u0111\u01b0\u1ee3c gia c\u00f4ng kh\u1edbp 100% v\u1edbi kh\u00f4ng gian nh\u00e0 b\u1ea1n v\u00e0 k\u00edch c\u1ee1 c\u1ee7a th\u00fa c\u01b0ng.<\/span><\/li>\n<li style=\"font-weight: 400;\" aria-level=\"1\"><b>Gi\u00e1 g\u1ed1c t\u1eeb x\u01b0\u1edfng:<\/b><span style=\"font-weight: 400;\"> Mua h\u00e0ng tr\u1ef1c ti\u1ebfp t\u1eeb nh\u00e0 m\u00e1y c\u01a1 kh\u00ed, kh\u00f4ng qua trung gian.<\/span><\/li>\n<li style=\"font-weight: 400;\" aria-level=\"1\"><b>An t\u00e2m s\u1eed d\u1ee5ng:<\/b><span style=\"font-weight: 400;\"> Ch\u1ebf \u0111\u1ed9 b\u1ea3o h\u00e0nh m\u1ed1i h\u00e0n v\u00e0 k\u1ebft c\u1ea5u l\u00ean \u0111\u1ebfn 12 th\u00e1ng.<\/span><\/li>\n<li style=\"font-weight: 400;\" aria-level=\"1\"><b>D\u1ecbch v\u1ee5 chuy\u00ean nghi\u1ec7p:<\/b><span style=\"font-weight: 400;\"> H\u1ed7 tr\u1ee3 giao h\u00e0ng, l\u1eafp \u0111\u1eb7t t\u1ea1i ch\u1ed7 (theo khu v\u1ef1c) v\u00e0 xu\u1ea5t h\u00f3a \u0111\u01a1n VAT \u0111\u1ea7y \u0111\u1ee7 cho doanh nghi\u1ec7p\/ph\u00f2ng kh\u00e1m.<\/span><\/li>\n<\/ul>\n<h2><b>5. Quy Tr\u00ecnh \u0110\u1eb7t H\u00e0ng Chuy\u00ean Nghi\u1ec7p<\/b><\/h2>\n<ol>\n<li style=\"font-weight: 400;\" aria-level=\"1\"><b>Ti\u1ebfp nh\u1eadn:<\/b><span style=\"font-weight: 400;\"> Kh\u00e1ch h\u00e0ng g\u1eedi k\u00edch th\u01b0\u1edbc d\u1ef1 ki\u1ebfn v\u00e0 nhu c\u1ea7u s\u1eed d\u1ee5ng (nu\u00f4i con g\u00ec, n\u1eb7ng bao nhi\u00eau kg).<\/span><\/li>\n<li style=\"font-weight: 400;\" aria-level=\"1\"><b>T\u01b0 v\u1ea5n &amp; L\u00ean b\u1ea3n v\u1ebd:<\/b><span style=\"font-weight: 400;\"> Metaltech 1 t\u01b0 v\u1ea5n t\u00f9y ch\u1ecdn v\u1eadt li\u1ec7u (201\/304), c\u00e1c ph\u1ee5 ki\u1ec7n \u0111i k\u00e8m v\u00e0 g\u1eedi b\u1ea3n v\u1ebd ch\u1ed1t c\u1ea5u h\u00ecnh.<\/span><\/li>\n<li style=\"font-weight: 400;\" aria-level=\"1\"><b>B\u00e1o gi\u00e1 &amp; Ch\u1ed1t \u0111\u01a1n:<\/b><span style=\"font-weight: 400;\"> G\u1eedi b\u00e1o gi\u00e1 chi ti\u1ebft, th\u1eddi gian ho\u00e0n th\u00e0nh.<\/span><\/li>\n<li style=\"font-weight: 400;\" aria-level=\"1\"><b>S\u1ea3n xu\u1ea5t:<\/b><span style=\"font-weight: 400;\"> Ti\u1ebfn h\u00e0nh gia c\u00f4ng h\u00e0n c\u1eaft t\u1ea1i x\u01b0\u1edfng.<\/span><\/li>\n<li style=\"font-weight: 400;\" aria-level=\"1\"><b>B\u00e0n giao:<\/b><span style=\"font-weight: 400;\"> Giao h\u00e0ng, l\u1eafp \u0111\u1eb7t t\u1eadn n\u01a1i v\u00e0 nghi\u1ec7m thu s\u1ea3n ph\u1ea9m.<\/span><\/li>\n<\/ol>\n<h2><b>C\u00e2u H\u1ecfi Th\u01b0\u1eddng G\u1eb7p (FAQ)<\/b><\/h2>\n<ol>\n<li><b> T\u00f4i n\u00ean ch\u1ecdn gia c\u00f4ng b\u1eb1ng Inox 201 hay Inox 304?<\/b><\/li>\n<\/ol>\n<p><b>Tr\u1ea3 l\u1eddi:<\/b><span style=\"font-weight: 400;\"> N\u1ebfu chu\u1ed3ng \u0111\u1eb7t trong nh\u00e0 kh\u00f4 r\u00e1o, <\/span><b>Inox 201<\/b><span style=\"font-weight: 400;\"> l\u00e0 l\u1ef1a ch\u1ecdn kinh t\u1ebf m\u00e0 v\u1eabn r\u1ea5t b\u1ec1n. Tuy nhi\u00ean, n\u1ebfu b\u1ea1n mua cho ph\u00f2ng kh\u00e1m th\u00fa y, spa (th\u01b0\u1eddng xuy\u00ean ti\u1ebfp x\u00fac h\u00f3a ch\u1ea5t t\u1ea9y r\u1eeda) ho\u1eb7c \u0111\u1eb7t chu\u1ed3ng \u1edf ngo\u00e0i s\u00e2n v\u01b0\u1eddn, khu v\u1ef1c ven bi\u1ec3n, <\/span><b>Inox 304<\/b><span style=\"font-weight: 400;\"> l\u00e0 s\u1ef1 l\u1ef1a ch\u1ecdn b\u1eaft bu\u1ed9c v\u00ec n\u00f3 g\u1ea7n nh\u01b0 kh\u00f4ng b\u1ecb oxy h\u00f3a trong m\u00f4i tr\u01b0\u1eddng kh\u1eafc nghi\u1ec7t.<\/span><\/p>\n<ol start=\"2\">\n<li><b> V\u1ec7 sinh chu\u1ed3ng inox c\u00f3 kh\u00f3 kh\u00f4ng?<\/b><\/li>\n<\/ol>\n<p><b>Tr\u1ea3 l\u1eddi:<\/b><span style=\"font-weight: 400;\"> C\u1ef1c k\u1ef3 \u0111\u01a1n gi\u1ea3n. H\u00e0ng ng\u00e0y b\u1ea1n ch\u1ec9 c\u1ea7n k\u00e9o khay h\u1ee9ng nh\u1ef1a b\u00ean d\u01b0\u1edbi ra \u0111\u1ec3 \u0111\u1ed5 ch\u1ea5t th\u1ea3i. \u0110\u1ed1i v\u1edbi s\u00e0n nh\u1ef1a v\u00e0 khung inox, b\u1ea1n c\u00f3 th\u1ec3 x\u1ecbt v\u00f2i n\u01b0\u1edbc tr\u1ef1c ti\u1ebfp v\u00e0 d\u00f9ng kh\u0103n m\u1ec1m lau v\u1edbi x\u00e0 ph\u00f2ng\/dung d\u1ecbch trung t\u00ednh. <\/span><i><span style=\"font-weight: 400;\">L\u01b0u \u00fd: Kh\u00f4ng d\u00f9ng c\u00e1c h\u00f3a ch\u1ea5t t\u1ea9y r\u1eeda b\u1ed3n c\u1ea7u ch\u1ee9a axit m\u1ea1nh (nh\u01b0 Vim, Duck) v\u00ec s\u1ebd l\u00e0m m\u1edd b\u1ec1 m\u1eb7t inox.<\/span><\/i><\/p>\n<ol start=\"3\">\n<li><b> T\u00f4i c\u00f3 hai b\u00e9 c\u00fan, x\u01b0\u1edfng c\u00f3 th\u1ec3 thi\u1ebft k\u1ebf chu\u1ed3ng chia \u0111\u00f4i \u0111\u01b0\u1ee3c kh\u00f4ng?<\/b><\/li>\n<\/ol>\n<p><b>Tr\u1ea3 l\u1eddi:<\/b><span style=\"font-weight: 400;\"> Ho\u00e0n to\u00e0n \u0111\u01b0\u1ee3c. Metaltech 1 c\u00f3 th\u1ec3 gia c\u00f4ng th\u00eam h\u1ec7 th\u1ed1ng <\/span><b>v\u00e1ch ng\u0103n inox \u1edf gi\u1eefa<\/b><span style=\"font-weight: 400;\"> (c\u00f3 th\u1ec3 r\u00fat l\u00ean\/th\u00e1o r\u1eddi nhanh ch\u00f3ng). Khi c\u1ea7n thi\u1ebft b\u1ea1n c\u00f3 th\u1ec3 t\u00e1ch hai b\u00e9 ra, ho\u1eb7c r\u00fat v\u00e1ch ng\u0103n l\u00ean \u0111\u1ec3 t\u1ea1o kh\u00f4ng gian r\u1ed9ng r\u00e3i cho c\u00e1c b\u00e9 ch\u01a1i chung.<\/span><\/p>","protected":false},"excerpt":{"rendered":"<p><b>Chu\u1ed3ng th\u00fa c\u01b0ng inox cao c\u1ea5p (M\u00e3 SP: MT1-CCI)<\/b><span style=\"font-weight: 400;\"> l\u00e0 gi\u1ea3i ph\u00e1p l\u01b0u tr\u00fa ho\u00e0n h\u1ea3o, an to\u00e0n v\u00e0 v\u1ec7 sinh cho th\u00fa c\u01b0ng c\u1ee7a b\u1ea1n. S\u1ea3n ph\u1ea9m \u0111\u01b0\u1ee3c gia c\u00f4ng t\u1eeb inox ch\u1ed1ng g\u1ec9 s\u00e9t, t\u00edch h\u1ee3p s\u00e0n nh\u1ef1a l\u00f3t ch\u00e2n \u00eam \u00e1i, khay h\u1ee9ng ch\u1ea5t th\u1ea3i k\u00e9o r\u1eddi ti\u1ec7n l\u1ee3i v\u00e0 h\u1ec7 th\u1ed1ng b\u00e1nh xe xoay 360\u00b0 linh ho\u1ea1t. Metaltech 1 nh\u1eadn thi\u1ebft k\u1ebf v\u00e0 gia c\u00f4ng k\u00edch th\u01b0\u1edbc chu\u1ed3ng chu\u1ea9n x\u00e1c theo t\u1eebng gi\u1ed1ng ch\u00f3, m\u00e8o ho\u1eb7c y\u00eau c\u1ea7u kh\u00f4ng gian c\u1ee7a ph\u00f2ng kh\u00e1m, pet shop.<\/span><\/p>\n<ul>\n<li style=\"font-weight: 400;\" aria-level=\"1\"><b>Th\u01b0\u01a1ng hi\u1ec7u:<\/b><span style=\"font-weight: 400;\"> METALTECH 1 \u2013 Gia c\u00f4ng c\u01a1 kh\u00ed Bi\u00ean H\u00f2a, \u0110\u1ed3ng Nai.<\/span><\/li>\n<li style=\"font-weight: 400;\" aria-level=\"1\"><b>T\u00f9y ch\u1ecdn v\u1eadt li\u1ec7u:<\/b><span style=\"font-weight: 400;\"> Inox 201 ho\u1eb7c Inox 304 si\u00eau b\u1ec1n.<\/span><\/li>\n<li><b>B\u1ea3o h\u00e0nh:<\/b><span style=\"font-weight: 400;\"> 12 th\u00e1ng, h\u1ed7 tr\u1ee3 b\u1ea3o tr\u00ec tr\u1ecdn \u0111\u1eddi.<\/span><\/li>\n<\/ul>","protected":false},"featured_media":1091,"comment_status":"open","ping_status":"closed","template":"","meta":[],"product_brand":[],"product_cat":[26],"product_tag":[],"class_list":{"0":"post-1086","1":"product","2":"type-product","3":"status-publish","4":"has-post-thumbnail","6":"product_cat-chuong","8":"first","9":"instock","10":"shipping-taxable","11":"product-type-simple"},"_links":{"self":[{"href":"https:\/\/thienanth.io.vn\/en\/wp-json\/wp\/v2\/product\/1086","targetHints":{"allow":["GET"]}}],"collection":[{"href":"https:\/\/thienanth.io.vn\/en\/wp-json\/wp\/v2\/product"}],"about":[{"href":"https:\/\/thienanth.io.vn\/en\/wp-json\/wp\/v2\/types\/product"}],"replies":[{"embeddable":true,"href":"https:\/\/thienanth.io.vn\/en\/wp-json\/wp\/v2\/comments?post=1086"}],"wp:featuredmedia":[{"embeddable":true,"href":"https:\/\/thienanth.io.vn\/en\/wp-json\/wp\/v2\/media\/1091"}],"wp:attachment":[{"href":"https:\/\/thienanth.io.vn\/en\/wp-json\/wp\/v2\/media?parent=1086"}],"wp:term":[{"taxonomy":"product_brand","embeddable":true,"href":"https:\/\/thienanth.io.vn\/en\/wp-json\/wp\/v2\/product_brand?post=1086"},{"taxonomy":"product_cat","embeddable":true,"href":"https:\/\/thienanth.io.vn\/en\/wp-json\/wp\/v2\/product_cat?post=1086"},{"taxonomy":"product_tag","embeddable":true,"href":"https:\/\/thienanth.io.vn\/en\/wp-json\/wp\/v2\/product_tag?post=1086"}],"curies":[{"name":"wp","href":"https:\/\/api.w.org\/{rel}","templated":true}]}}