{"id":1084,"date":"2026-04-07T10:10:23","date_gmt":"2026-04-07T03:10:23","guid":{"rendered":"https:\/\/thienanth.io.vn\/?post_type=product&#038;p=1084"},"modified":"2026-04-07T23:50:08","modified_gmt":"2026-04-07T16:50:08","slug":"xe-day-khung-thep-da-nang","status":"publish","type":"product","link":"https:\/\/thienanth.io.vn\/en\/product\/xe-day-khung-thep-da-nang\/","title":{"rendered":"Xe \u0110\u1ea9y Khung Th\u00e9p \u0110a N\u0103ng"},"content":{"rendered":"<p><span style=\"font-weight: 400;\">Trong m\u00f4i tr\u01b0\u1eddng c\u00f4ng nghi\u1ec7p v\u00e0 th\u01b0\u01a1ng m\u1ea1i nh\u1ecbp \u0111\u1ed9 cao, vi\u1ec7c lu\u00e2n chuy\u1ec3n h\u00e0ng h\u00f3a li\u00ean t\u1ee5c \u0111\u00f2i h\u1ecfi nh\u1eefng c\u00f4ng c\u1ee5 h\u1ed7 tr\u1ee3 ph\u1ea3i th\u1ef1c s\u1ef1 b\u1ec1n b\u1ec9 v\u00e0 linh ho\u1ea1t. Kh\u00e1c v\u1edbi c\u00e1c d\u00f2ng xe \u0111\u1ea9y l\u1eafp r\u00e1p l\u1ecfng l\u1ebbo tr\u00ean th\u1ecb tr\u01b0\u1eddng, <\/span><b>Xe \u0111\u1ea9y khung th\u00e9p \u0111a n\u0103ng<\/b><span style=\"font-weight: 400;\"> do Metaltech 1 tr\u1ef1c ti\u1ebfp s\u1ea3n xu\u1ea5t mang \u0111\u1ebfn gi\u1ea3i ph\u00e1p v\u1eadn chuy\u1ec3n h\u00e0ng h\u00f3a chuy\u00ean nghi\u1ec7p, an to\u00e0n v\u00e0 c\u00f3 tu\u1ed5i th\u1ecd s\u1eed d\u1ee5ng v\u01b0\u1ee3t tr\u1ed9i.<\/span><\/p>\n<h2><b>1. \u0110\u1eb7c \u0110i\u1ec3m Thi\u1ebft K\u1ebf &amp; C\u1ea5u T\u1ea1o N\u1ed5i B\u1eadt<\/b><\/h2>\n<ul>\n<li style=\"font-weight: 400;\" aria-level=\"1\"><b>K\u1ebft c\u1ea5u khung th\u00e9p h\u00e0n li\u1ec1n kh\u1ed1i ch\u1eafc ch\u1eafn:<\/b><span style=\"font-weight: 400;\"> S\u1eed d\u1ee5ng v\u1eadt li\u1ec7u th\u00e9p h\u1ed9p d\u00e0y d\u1eb7n, \u0111\u01b0\u1ee3c t\u1ed5 h\u1ee3p b\u1eb1ng c\u00f4ng ngh\u1ec7<\/span> <a href=\"https:\/\/metaltech1.com.vn\/dich-vu\/gia-cong-han-kim-loai\/\" target=\"_blank\" rel=\"noopener\"><span style=\"font-weight: 400;\">h\u00e0n MIG\/TIG chu\u1ea9n x\u00e1c<\/span><\/a><span style=\"font-weight: 400;\"> t\u1ea1i x\u01b0\u1edfng. C\u00e1c m\u1ed1i h\u00e0n \u0111\u1ea1t \u0111\u1ed9 ng\u1ea5u s\u00e2u gi\u00fap to\u00e0n b\u1ed9 khung xe t\u1ea1o th\u00e0nh m\u1ed9t kh\u1ed1i v\u1eefng ch\u1eafc, kh\u00f4ng b\u1ecb rung l\u1eafc hay bi\u1ebfn d\u1ea1ng ngay c\u1ea3 khi ch\u1edf h\u00e0ng n\u1eb7ng (l\u00ean \u0111\u1ebfn 500kg).<\/span><\/li>\n<li style=\"font-weight: 400;\" aria-level=\"1\"><b>B\u1ec1 m\u1eb7t ho\u00e0n thi\u1ec7n s\u01a1n t\u0129nh \u0111i\u1ec7n:<\/b><span style=\"font-weight: 400;\"> To\u00e0n b\u1ed9 khung xe \u0111\u1ea9y \u0111\u01b0\u1ee3c x\u1eed l\u00fd b\u1ec1 m\u1eb7t v\u00e0<\/span> <a href=\"https:\/\/metaltech1.com.vn\/dich-vu\/son-tinh-dien\/\" target=\"_blank\" rel=\"noopener\"><span style=\"font-weight: 400;\">s\u01a1n t\u0129nh \u0111i\u1ec7n<\/span><\/a><span style=\"font-weight: 400;\"> c\u00f4ng nghi\u1ec7p. L\u1edbp s\u01a1n \u0111\u00f3ng vai tr\u00f2 nh\u01b0 m\u1ed9t &#8220;t\u1ea5m khi\u00ean&#8221; b\u1ea3o v\u1ec7 xe kh\u1ecfi t\u00ecnh tr\u1ea1ng oxy h\u00f3a, tr\u1ea7y x\u01b0\u1edbc v\u00e0 \u0103n m\u00f2n h\u00f3a ch\u1ea5t, r\u1ea5t ph\u00f9 h\u1ee3p khi s\u1eed d\u1ee5ng ngo\u00e0i tr\u1eddi ho\u1eb7c trong c\u00e1c kho b\u00e3i \u1ea9m \u01b0\u1edbt.<\/span><\/li>\n<li style=\"font-weight: 400;\" aria-level=\"1\"><b>Thi\u1ebft k\u1ebf t\u1ed1i \u01b0u kh\u00f4ng gian (M\u00e1i che &amp; Gi\u00e1 \u0111\u1ee1 tr\u00ean):<\/b><span style=\"font-weight: 400;\"> \u0110\u00e2y l\u00e0 \u0111i\u1ec3m c\u1ed9ng l\u1edbn c\u1ee7a s\u1ea3n ph\u1ea9m. Xe \u0111\u01b0\u1ee3c t\u00edch h\u1ee3p th\u00eam ph\u1ea7n m\u00e1i che v\u00e0 gi\u00e1 \u0111\u1ee1 ph\u00eda tr\u00ean. Thi\u1ebft k\u1ebf n\u00e0y v\u1eeba gi\u00fap che n\u1eafng, che m\u01b0a cho ki\u1ec7n h\u00e0ng b\u00ean d\u01b0\u1edbi, v\u1eeba t\u1eadn d\u1ee5ng t\u1ed1i \u0111a chi\u1ec1u cao \u0111\u1ec3 x\u1ebfp th\u00eam c\u00e1c m\u1eb7t h\u00e0ng nh\u1eb9, gi\u00fap t\u0103ng g\u1ea5p \u0111\u00f4i c\u00f4ng su\u1ea5t cho m\u1ed7i chuy\u1ebfn xe.<\/span><\/li>\n<li style=\"font-weight: 400;\" aria-level=\"1\"><b>H\u1ec7 th\u1ed1ng b\u00e1nh xe linh ho\u1ea1t, gi\u1ea3m ch\u1ea5n:<\/b><span style=\"font-weight: 400;\"> \u0110\u01b0\u1ee3c trang b\u1ecb c\u1ee5m b\u00e1nh xe cao su \u0111\u1eb7c ho\u1eb7c nh\u1ef1a PU ch\u1ea5t l\u01b0\u1ee3ng cao. B\u00e1nh xe xoay 360 \u0111\u1ed9 \u0111i k\u00e8m h\u1ec7 th\u1ed1ng kh\u00f3a phanh an to\u00e0n, gi\u00fap xe di chuy\u1ec3n \u00eam \u00e1i, gi\u1ea3m thi\u1ec3u l\u1ef1c \u0111\u1ea9y cho nh\u00e2n c\u00f4ng v\u00e0 d\u1ec5 d\u00e0ng lu\u1ed3n l\u00e1ch trong c\u00e1c l\u1ed1i \u0111i ch\u1eadt h\u1eb9p.<\/span><\/li>\n<li style=\"font-weight: 400;\" aria-level=\"1\"><b>Thi\u1ebft k\u1ebf m\u00f4-\u0111un (Modular Design):<\/b><span style=\"font-weight: 400;\"> D\u1ec5 d\u00e0ng n\u00e2ng c\u1ea5p, th\u00e1o l\u1eafp th\u00eam v\u00e1ch ng\u0103n, m\u00f3c treo ho\u1eb7c thay \u0111\u1ed5i k\u00edch th\u01b0\u1edbc c\u00e1c t\u1ea7ng \u0111\u1ec3 ph\u00f9 h\u1ee3p v\u1edbi t\u1eebng lo\u1ea1i h\u00e0ng h\u00f3a \u0111\u1eb7c th\u00f9.<\/span><\/li>\n<\/ul>\n<h2><b>2. \u1ee8ng D\u1ee5ng \u0110a Ng\u00e0nh Linh Ho\u1ea1t<\/b><\/h2>\n<p><span style=\"font-weight: 400;\">S\u1ef1 \u0111a n\u0103ng trong thi\u1ebft k\u1ebf gi\u00fap xe \u0111\u1ea9y khung th\u00e9p Metaltech 1 tr\u1edf th\u00e0nh &#8220;tr\u1ee3 th\u1ee7&#8221; \u0111\u1eafc l\u1ef1c cho nhi\u1ec1u l\u0129nh v\u1ef1c:<\/span><\/p>\n<ul>\n<li style=\"font-weight: 400;\" aria-level=\"1\"><b>S\u1ea3n xu\u1ea5t &amp; Kho b\u00e3i:<\/b><span style=\"font-weight: 400;\"> Lu\u00e2n chuy\u1ec3n b\u00e1n th\u00e0nh ph\u1ea9m gi\u1eefa c\u00e1c d\u00e2y chuy\u1ec1n s\u1ea3n xu\u1ea5t, v\u1eadn chuy\u1ec3n v\u1eadt t\u01b0 trong x\u01b0\u1edfng, xu\u1ea5t nh\u1eadp h\u00e0ng h\u00f3a t\u1ea1i kho.<\/span><\/li>\n<li style=\"font-weight: 400;\" aria-level=\"1\"><b>Th\u01b0\u01a1ng m\u1ea1i &amp; B\u00e1n l\u1ebb:<\/b><span style=\"font-weight: 400;\"> S\u1eed d\u1ee5ng \u0111\u1ea9y h\u00e0ng s\u1ed1 l\u01b0\u1ee3ng l\u1edbn t\u1ea1i c\u00e1c si\u00eau th\u1ecb, trung t\u00e2m th\u01b0\u01a1ng m\u1ea1i, ch\u1ee3 \u0111\u1ea7u m\u1ed1i n\u00f4ng s\u1ea3n.<\/span><\/li>\n<li style=\"font-weight: 400;\" aria-level=\"1\"><b>Logistics &amp; V\u1eadn t\u1ea3i:<\/b><span style=\"font-weight: 400;\"> H\u1ed7 tr\u1ee3 b\u1ed1c d\u1ee1 h\u00e0nh l\u00fd, h\u00e0ng h\u00f3a t\u1ea1i s\u00e2n bay, b\u1ebfn c\u1ea3ng, tr\u1ea1m trung chuy\u1ec3n chuy\u1ec3n ph\u00e1t nhanh.<\/span><\/li>\n<li style=\"font-weight: 400;\" aria-level=\"1\"><b>D\u1ecbch v\u1ee5 &amp; S\u1ef1 ki\u1ec7n:<\/b><span style=\"font-weight: 400;\"> V\u1eadn chuy\u1ec3n m\u00e1y m\u00f3c, h\u1ec7 th\u1ed1ng \u00e2m thanh, \u00e1nh s\u00e1ng, thi\u1ebft b\u1ecb setup cho c\u00e1c s\u1ef1 ki\u1ec7n ngo\u00e0i tr\u1eddi, khu du l\u1ecbch.<\/span><\/li>\n<\/ul>\n<h2><b>3. Th\u00f4ng S\u1ed1 K\u1ef9 Thu\u1eadt (M\u1eabu Tham Kh\u1ea3o)<\/b><\/h2>\n<table>\n<tbody>\n<tr>\n<td><b>Thu\u1ed9c t\u00ednh<\/b><\/td>\n<td><b>Chi ti\u1ebft th\u00f4ng s\u1ed1<\/b><\/td>\n<\/tr>\n<tr>\n<td><b>K\u00edch th\u01b0\u1edbc (D x R x C)<\/b><\/td>\n<td><i><span style=\"font-weight: 400;\">C\u00f3 th\u1ec3 s\u1ea3n xu\u1ea5t t\u00f9y ch\u1ec9nh theo y\u00eau c\u1ea7u th\u1ef1c t\u1ebf c\u1ee7a d\u1ef1 \u00e1n<\/span><\/i><\/td>\n<\/tr>\n<tr>\n<td><b>V\u1eadt li\u1ec7u khung<\/b><\/td>\n<td><span style=\"font-weight: 400;\">Th\u00e9p h\u1ed9p \u0111\u1ecbnh h\u00ecnh (\u0111\u1ed9 d\u00e0y \u1ed1ng th\u00e9p t\u00f9y bi\u1ebfn theo t\u1ea3i tr\u1ecdng)<\/span><\/td>\n<\/tr>\n<tr>\n<td><b>X\u1eed l\u00fd b\u1ec1 m\u1eb7t<\/b><\/td>\n<td><span style=\"font-weight: 400;\">S\u01a1n t\u0129nh \u0111i\u1ec7n c\u00f4ng nghi\u1ec7p ch\u1ed1ng g\u1ec9 s\u00e9t<\/span><\/td>\n<\/tr>\n<tr>\n<td><b>T\u1ea3i tr\u1ecdng thi\u1ebft k\u1ebf<\/b><\/td>\n<td><span style=\"font-weight: 400;\">200 kg \u2013 500 kg (Ho\u1eb7c cao h\u01a1n theo thi\u1ebft k\u1ebf ri\u00eang)<\/span><\/td>\n<\/tr>\n<tr>\n<td><b>H\u1ec7 th\u1ed1ng b\u00e1nh xe<\/b><\/td>\n<td><span style=\"font-weight: 400;\">B\u00e1nh xe cao su \/ Nh\u1ef1a PU gi\u1ea3m ch\u1ea5n, c\u00f3 kh\u00f3a phanh (Lock)<\/span><\/td>\n<\/tr>\n<tr>\n<td><b>T\u00f9y ch\u1ecdn m\u00e0u s\u1eafc<\/b><\/td>\n<td><span style=\"font-weight: 400;\">S\u01a1n theo m\u00e0u nh\u1eadn di\u1ec7n th\u01b0\u01a1ng hi\u1ec7u c\u1ee7a doanh nghi\u1ec7p<\/span><\/td>\n<\/tr>\n<tr>\n<td><b>T\u00ednh n\u0103ng b\u1ed5 sung<\/b><\/td>\n<td><span style=\"font-weight: 400;\">T\u00edch h\u1ee3p m\u00e1i che b\u1ea3o v\u1ec7, gi\u00e1 \u0111\u1ee1 ph\u1ee5 tr\u00ean n\u00f3c<\/span><\/td>\n<\/tr>\n<\/tbody>\n<\/table>\n<h2><b>4. L\u1ee3i \u00cdch Khi \u0110\u1eb7t Gia C\u00f4ng Xe \u0110\u1ea9y T\u1ea1i Metaltech 1<\/b><\/h2>\n<p><span style=\"font-weight: 400;\">L\u00e0 nh\u00e0 m\u00e1y gia c\u00f4ng c\u01a1 kh\u00ed kh\u00e9p k\u00edn, Metaltech 1 kh\u00f4ng ch\u1ec9 b\u00e1n s\u1ea3n ph\u1ea9m c\u00f3 s\u1eb5n m\u00e0 c\u00f2n mang \u0111\u1ebfn gi\u1ea3i ph\u00e1p thi\u1ebft k\u1ebf ri\u00eang bi\u1ec7t cho doanh nghi\u1ec7p c\u1ee7a b\u1ea1n:<\/span><\/p>\n<ul>\n<li style=\"font-weight: 400;\" aria-level=\"1\"><b>Gia c\u00f4ng theo b\u1ea3n v\u1ebd:<\/b><span style=\"font-weight: 400;\"> Kh\u00e1ch h\u00e0ng ho\u00e0n to\u00e0n l\u00e0m ch\u1ee7 k\u00edch th\u01b0\u1edbc, s\u1ed1 t\u1ea7ng, kho\u1ea3ng c\u00e1ch l\u01b0\u1edbi bao quanh \u0111\u1ec3 xe \u0111\u1ea9y kh\u1edbp 100% v\u1edbi k\u00edch th\u01b0\u1edbc th\u00f9ng h\u00e0ng c\u1ee7a m\u00ecnh.<\/span><\/li>\n<li style=\"font-weight: 400;\" aria-level=\"1\"><b>S\u1ea3n xu\u1ea5t h\u00e0ng lo\u1ea1t, \u0111\u1ed3ng \u0111\u1ec1u ch\u1ea5t l\u01b0\u1ee3ng:<\/b><span style=\"font-weight: 400;\"> N\u0103ng l\u1ef1c nh\u00e0 m\u00e1y l\u1edbn gi\u00fap ch\u00fang t\u00f4i \u0111\u00e1p \u1ee9ng c\u00e1c \u0111\u01a1n h\u00e0ng trang b\u1ecb xe \u0111\u1ea9y s\u1ed1 l\u01b0\u1ee3ng l\u1edbn cho si\u00eau th\u1ecb, s\u00e2n bay v\u1edbi \u0111\u1ed9 ho\u00e0n thi\u1ec7n \u0111\u1ed3ng nh\u1ea5t.<\/span><\/li>\n<li style=\"font-weight: 400;\" aria-level=\"1\"><b>Gi\u00e1 x\u01b0\u1edfng kh\u00f4ng qua trung gian:<\/b><span style=\"font-weight: 400;\"> Ti\u1ebft ki\u1ec7m chi ph\u00ed \u0111\u1ea7u t\u01b0 ban \u0111\u1ea7u cho doanh nghi\u1ec7p.<\/span><\/li>\n<li><b>Ch\u00ednh s\u00e1ch b\u1ea3o h\u00e0nh d\u00e0i h\u1ea1n:<\/b><span style=\"font-weight: 400;\"> Cam k\u1ebft b\u1ea3o h\u00e0nh k\u1ebft c\u1ea5u khung h\u00e0n v\u00e0 l\u1edbp s\u01a1n t\u0129nh \u0111i\u1ec7n, d\u1ecbch v\u1ee5 h\u1eadu m\u00e3i chu \u0111\u00e1o, h\u1ed7 tr\u1ee3 thay th\u1ebf b\u00e1nh xe \u0111\u1ecbnh k\u1ef3.<\/span><\/li>\n<\/ul>","protected":false},"excerpt":{"rendered":"<p><b>Xe \u0110\u1ea9y Khung Th\u00e9p \u0110a N\u0103ng<\/b><span style=\"font-weight: 400;\"> l\u00e0 thi\u1ebft b\u1ecb h\u1ed7 tr\u1ee3 v\u1eadn chuy\u1ec3n logistics kh\u00f4ng th\u1ec3 thi\u1ebfu, \u0111\u01b0\u1ee3c thi\u1ebft k\u1ebf t\u1ed1i \u01b0u cho m\u00f4i tr\u01b0\u1eddng nh\u00e0 x\u01b0\u1edfng, kho b\u00e3i, si\u00eau th\u1ecb v\u00e0 b\u1ebfn c\u1ea3ng. \u0110i\u1ec3m kh\u00e1c bi\u1ec7t c\u1ee7a s\u1ea3n ph\u1ea9m l\u00e0 k\u1ebft c\u1ea5u khung th\u00e9p h\u1ed9p h\u00e0n li\u1ec1n kh\u1ed1i ch\u1ecbu l\u1ef1c c\u1ef1c t\u1ed1t (t\u1ea3i tr\u1ecdng 200 &#8211; 500kg), k\u1ebft h\u1ee3p thi\u1ebft k\u1ebf th\u00f4ng minh t\u00edch h\u1ee3p m\u00e1i che v\u00e0 gi\u00e1 \u0111\u1ee1 t\u1ea7ng tr\u00ean, gi\u00fap b\u1ea3o v\u1ec7 h\u00e0ng h\u00f3a v\u00e0 nh\u00e2n \u0111\u00f4i kh\u00f4ng gian l\u01b0u tr\u1eef.<\/span><\/p>\n<ul>\n<li style=\"font-weight: 400;\" aria-level=\"1\"><b>Th\u01b0\u01a1ng hi\u1ec7u:<\/b><span style=\"font-weight: 400;\"> METALTECH 1 \u2013 Gia c\u00f4ng c\u01a1 kh\u00ed Bi\u00ean H\u00f2a, \u0110\u1ed3ng Nai.<\/span><\/li>\n<li style=\"font-weight: 400;\" aria-level=\"1\"><b>V\u1eadt li\u1ec7u:<\/b><span style=\"font-weight: 400;\"> Th\u00e9p h\u1ed9p c\u01b0\u1eddng \u0111\u1ed9 cao, b\u1ec1 m\u1eb7t ph\u1ee7 s\u01a1n t\u0129nh \u0111i\u1ec7n ch\u1ed1ng r\u1ec9 s\u00e9t.<\/span><\/li>\n<li><b>T\u00f9y ch\u1ec9nh:<\/b><span style=\"font-weight: 400;\"> Nh\u1eadn thi\u1ebft k\u1ebf v\u00e0 s\u1ea3n xu\u1ea5t \u0111\u1ed3ng lo\u1ea1t theo k\u00edch th\u01b0\u1edbc y\u00eau c\u1ea7u c\u1ee7a doanh nghi\u1ec7p.<\/span><\/li>\n<\/ul>","protected":false},"featured_media":1085,"comment_status":"open","ping_status":"closed","template":"","meta":[],"product_brand":[],"product_cat":[29],"product_tag":[],"class_list":{"0":"post-1084","1":"product","2":"type-product","3":"status-publish","4":"has-post-thumbnail","6":"product_cat-xe-day","8":"first","9":"instock","10":"shipping-taxable","11":"product-type-simple"},"_links":{"self":[{"href":"https:\/\/thienanth.io.vn\/en\/wp-json\/wp\/v2\/product\/1084","targetHints":{"allow":["GET"]}}],"collection":[{"href":"https:\/\/thienanth.io.vn\/en\/wp-json\/wp\/v2\/product"}],"about":[{"href":"https:\/\/thienanth.io.vn\/en\/wp-json\/wp\/v2\/types\/product"}],"replies":[{"embeddable":true,"href":"https:\/\/thienanth.io.vn\/en\/wp-json\/wp\/v2\/comments?post=1084"}],"wp:featuredmedia":[{"embeddable":true,"href":"https:\/\/thienanth.io.vn\/en\/wp-json\/wp\/v2\/media\/1085"}],"wp:attachment":[{"href":"https:\/\/thienanth.io.vn\/en\/wp-json\/wp\/v2\/media?parent=1084"}],"wp:term":[{"taxonomy":"product_brand","embeddable":true,"href":"https:\/\/thienanth.io.vn\/en\/wp-json\/wp\/v2\/product_brand?post=1084"},{"taxonomy":"product_cat","embeddable":true,"href":"https:\/\/thienanth.io.vn\/en\/wp-json\/wp\/v2\/product_cat?post=1084"},{"taxonomy":"product_tag","embeddable":true,"href":"https:\/\/thienanth.io.vn\/en\/wp-json\/wp\/v2\/product_tag?post=1084"}],"curies":[{"name":"wp","href":"https:\/\/api.w.org\/{rel}","templated":true}]}}