{"id":1062,"date":"2026-04-07T09:48:55","date_gmt":"2026-04-07T02:48:55","guid":{"rendered":"https:\/\/thienanth.io.vn\/?post_type=product&#038;p=1062"},"modified":"2026-04-07T10:01:53","modified_gmt":"2026-04-07T03:01:53","slug":"bat-che-thung-xe-tai-nho-mo-3-phia","status":"publish","type":"product","link":"https:\/\/thienanth.io.vn\/en\/product\/san-pham\/","title":{"rendered":"B\u1ea1t Che Th\u00f9ng Xe T\u1ea3i Nh\u1ecf M\u1edf 3 Ph\u00eda"},"content":{"rendered":"<p><span style=\"font-weight: 400;\">Products <\/span><b>Khung b\u1ea1t che th\u00f9ng xe t\u1ea3i nh\u1ecf MT1-TC-3S<\/b><span style=\"font-weight: 400;\"> \u0111\u01b0\u1ee3c \u0111\u1ed9i ng\u0169 k\u1ef9 s\u01b0 t\u1ea1i Metaltech 1 thi\u1ebft k\u1ebf h\u01b0\u1edbng \u0111\u1ebfn s\u1ef1 th\u1ef1c d\u1ee5ng, b\u1ec1n b\u1ec9 v\u00e0 t\u1ed1i \u01b0u h\u00f3a th\u1eddi gian giao nh\u1eadn h\u00e0ng h\u00f3a cho c\u00e1c t\u00e0i x\u1ebf v\u00e0 doanh nghi\u1ec7p v\u1eadn t\u1ea3i.<\/span><\/p>\n<h2><b>1. \u01afu \u0110i\u1ec3m N\u1ed5i B\u1eadt V\u01b0\u1ee3t Tr\u1ed9i<\/b><\/h2>\n<ul>\n<li style=\"font-weight: 400;\" aria-level=\"1\"><b>K\u1ebft c\u1ea5u khung m\u1ea1 k\u1ebdm c\u1ee9ng v\u1eefng:<\/b><span style=\"font-weight: 400;\"> H\u1ec7 th\u1ed1ng khung s\u1eed d\u1ee5ng \u1ed1ng th\u00e9p m\u1ea1 k\u1ebdm ch\u1ed1ng r\u1ec9 s\u00e9t, k\u1ebft n\u1ed1i v\u1edbi nhau b\u1eb1ng kh\u1edbp n\u1ed1i si\u1ebft v\u00edt th\u00f4ng minh. Ch\u00e2n khung \u0111\u01b0\u1ee3c trang b\u1ecb t\u0103ng ch\u1ec9nh b\u00e1m s\u00e1t m\u1eb7t s\u00e0n th\u00f9ng xe, tri\u1ec7t ti\u00eau ho\u00e0n to\u00e0n hi\u1ec7n t\u01b0\u1ee3ng rung l\u1eafc khi ch\u1ea1y t\u1ed1c \u0111\u1ed9 cao.<\/span><\/li>\n<li style=\"font-weight: 400;\" aria-level=\"1\"><b>B\u1ea1t PVC 2 l\u1edbp si\u00eau b\u1ec1n:<\/b><span style=\"font-weight: 400;\"> S\u1eed d\u1ee5ng ch\u1ea5t li\u1ec7u b\u1ea1t PVC \u0111\u1ecbnh l\u01b0\u1ee3ng cao, kh\u1ea3 n\u0103ng ch\u1ed1ng th\u1ea5m n\u01b0\u1edbc 100%, ch\u1ed1ng tia UV, kh\u00f4ng b\u1ecb \u1ed1 m\u00e0u hay gi\u00f2n g\u00e3y d\u01b0\u1edbi th\u1eddi ti\u1ebft kh\u1eafc nghi\u1ec7t. C\u00e1c m\u00e9p b\u1ea1t \u0111\u1ec1u \u0111\u01b0\u1ee3c may vi\u1ec1n gia c\u01b0\u1eddng c\u1ea9n th\u1eadn, d\u1ec5 d\u00e0ng v\u1ec7 sinh sau c\u00e1c chuy\u1ebfn \u0111i.<\/span><\/li>\n<li style=\"font-weight: 400;\" aria-level=\"1\"><b>Thi\u1ebft k\u1ebf m\u1edf 3 ph\u00eda linh ho\u1ea1t:<\/b><span style=\"font-weight: 400;\"> Thay v\u00ec ch\u1ec9 m\u1edf c\u1eeda sau nh\u01b0 c\u00e1c lo\u1ea1i mui b\u1ea1t truy\u1ec1n th\u1ed1ng, thi\u1ebft k\u1ebf n\u00e0y cho ph\u00e9p cu\u1ed1n v\u00e0 c\u1ed1 \u0111\u1ecbnh b\u1ea1t \u1edf c\u1ea3 2 b\u00ean h\u00f4ng v\u00e0 m\u1eb7t sau. T\u00e0i x\u1ebf c\u00f3 th\u1ec3 l\u00ean xu\u1ed1ng h\u00e0ng h\u00f3a t\u1eeb m\u1ecdi h\u01b0\u1edbng, c\u1ef1c k\u1ef3 h\u1eefu \u00edch khi \u0111\u1ed7 xe trong c\u00e1c h\u1ebbm nh\u1ecf.<\/span><\/li>\n<li style=\"font-weight: 400;\" aria-level=\"1\"><b>An to\u00e0n &amp; Ti\u1ec7n d\u1ee5ng:<\/b>\n<ul>\n<li style=\"font-weight: 400;\" aria-level=\"1\"><span style=\"font-weight: 400;\">Trang b\u1ecb c\u1eeda s\u1ed5 th\u00f4ng gi\u00f3 ph\u00eda sau t\u00edch h\u1ee3p \u00f4 k\u00ednh nh\u1ef1a trong su\u1ed1t, gi\u00fap t\u00e0i x\u1ebf d\u1ec5 d\u00e0ng quan s\u00e1t t\u00ecnh tr\u1ea1ng h\u00e0ng h\u00f3a b\u00ean trong qua g\u01b0\u01a1ng chi\u1ebfu h\u1eadu.<\/span><\/li>\n<li style=\"font-weight: 400;\" aria-level=\"2\"><span style=\"font-weight: 400;\">H\u1ec7 th\u1ed1ng d\u00e2y r\u00e0ng, t\u0103ng \u0111\u01a1 v\u00e0 m\u00f3c c\u00e0i inox ch\u1eafc ch\u1eafn gi\u00fap ghim ch\u1eb7t m\u00e9p b\u1ea1t, h\u1ea1n ch\u1ebf t\u1ed1i \u0111a t\u00ecnh tr\u1ea1ng l\u1eadt b\u1ea1t hay ti\u1ebfng \u0111\u1eadp gi\u00f3 khi xe di chuy\u1ec3n nhanh.<\/span><\/li>\n<\/ul>\n<\/li>\n<\/ul>\n<h2><b>2. \u1ee8ng D\u1ee5ng Th\u1ef1c T\u1ebf<\/b><\/h2>\n<p><span style=\"font-weight: 400;\">B\u1ed9 khung mui b\u1ea1t m\u1edf 3 ph\u00eda l\u00e0 b\u1ea3n n\u00e2ng c\u1ea5p ho\u00e0n h\u1ea3o \u0111\u1ec3 bi\u1ebfn chi\u1ebfc xe t\u1ea3i l\u1eedng c\u1ee7a b\u1ea1n th\u00e0nh m\u1ed9t ph\u01b0\u01a1ng ti\u1ec7n v\u1eadn t\u1ea3i \u0111a n\u0103ng:<\/span><\/p>\n<ul>\n<li style=\"font-weight: 400;\" aria-level=\"1\"><b>Logistics \u0111\u00f4 th\u1ecb:<\/b><span style=\"font-weight: 400;\"> Chuy\u00ean ch\u1edf h\u00e0ng chuy\u1ec3n ph\u00e1t nhanh, h\u00e0ng th\u01b0\u01a1ng m\u1ea1i \u0111i\u1ec7n t\u1eed c\u1ea7n b\u1ed1c d\u1ee1 li\u00ean t\u1ee5c.<\/span><\/li>\n<li style=\"font-weight: 400;\" aria-level=\"1\"><b>V\u1eadn t\u1ea3i h\u00e0ng h\u00f3a \u0111a d\u1ee5ng:<\/b><span style=\"font-weight: 400;\"> Ch\u1edf n\u00f4ng s\u1ea3n, th\u1ef1c ph\u1ea9m \u0111\u1ed3 kh\u00f4, h\u00e0ng \u0111i\u1ec7n m\u00e1y gia d\u1ee5ng, linh ki\u1ec7n an to\u00e0n tuy\u1ec7t \u0111\u1ed1i.<\/span><\/li>\n<li style=\"font-weight: 400;\" aria-level=\"1\"><b>D\u1ecbch v\u1ee5 l\u01b0u \u0111\u1ed9ng:<\/b><span style=\"font-weight: 400;\"> Che ch\u1eafn m\u00e1y m\u00f3c, d\u1ee5ng c\u1ee5 l\u00e0m vi\u1ec7c cho c\u00e1c \u0111\u1ed9i thi c\u00f4ng l\u01b0u \u0111\u1ed9ng.<\/span><\/li>\n<li style=\"font-weight: 400;\" aria-level=\"1\"><b>M\u00f4 h\u00ecnh kinh doanh s\u00e1ng t\u1ea1o:<\/b><span style=\"font-weight: 400;\"> D\u1ec5 d\u00e0ng bi\u1ebfn th\u00f9ng xe th\u00e0nh m\u1ed9t gian h\u00e0ng b\u00e1n l\u1ebb, xe b\u00e1n cafe\/th\u1ee9c \u0103n nhanh di \u0111\u1ed9ng khi cu\u1ed1n th\u1eb3ng b\u1ea1t 2 b\u00ean h\u00f4ng l\u00ean cao.<\/span><\/li>\n<\/ul>\n<h2><b>3. Th\u00f4ng S\u1ed1 K\u1ef9 Thu\u1eadt B\u1ea1t Che Xe T\u1ea3i (M\u00e3: MT1-TC-3S)<\/b><\/h2>\n<table>\n<tbody>\n<tr>\n<td><b>\u0110\u1eb7c t\u00ednh<\/b><\/td>\n<td><b>Th\u00f4ng s\u1ed1 chi ti\u1ebft<\/b><\/td>\n<\/tr>\n<tr>\n<td><b>Ch\u1ea5t li\u1ec7u khung<\/b><\/td>\n<td><span style=\"font-weight: 400;\">\u1ed0ng th\u00e9p m\u1ea1 k\u1ebdm \u00d825 \u2013 \u00d832 mm<\/span><\/td>\n<\/tr>\n<tr>\n<td><b>K\u1ebft c\u1ea5u l\u1eafp r\u00e1p<\/b><\/td>\n<td><span style=\"font-weight: 400;\">Kh\u1edbp n\u1ed1i si\u1ebft v\u00edt, ch\u00e2n t\u0103ng ch\u1ec9nh b\u1eaft s\u00e0n an to\u00e0n<\/span><\/td>\n<\/tr>\n<tr>\n<td><b>K\u00edch th\u01b0\u1edbc bao ph\u1ee7<\/b><\/td>\n<td><span style=\"font-weight: 400;\">S\u1ea3n xu\u1ea5t (Custom) theo k\u00edch th\u01b0\u1edbc th\u00f9ng xe th\u1ef1c t\u1ebf<\/span><\/td>\n<\/tr>\n<tr>\n<td><b>Chi\u1ec1u cao khuy\u1ebfn ngh\u1ecb<\/b><\/td>\n<td><span style=\"font-weight: 400;\">1.2m \u2013 1.4m (T\u00ednh t\u1eeb m\u1eb7t s\u00e0n th\u00f9ng)<\/span><\/td>\n<\/tr>\n<tr>\n<td><b>Ch\u1ea5t li\u1ec7u b\u1ea1t ph\u1ee7<\/b><\/td>\n<td><span style=\"font-weight: 400;\">B\u1ea1t PVC \u0111\u1ecbnh l\u01b0\u1ee3ng 650 \u2013 750 g\/m\u00b2 (Ch\u1ed1ng th\u1ea5m, ch\u1ed1ng UV)<\/span><\/td>\n<\/tr>\n<tr>\n<td><b>M\u00e0u s\u1eafc b\u1ea1t<\/b><\/td>\n<td><span style=\"font-weight: 400;\">B\u1ea1c, X\u00e1m, Xanh (Ho\u1eb7c ph\u1ed1i m\u00e0u, in logo theo y\u00eau c\u1ea7u)<\/span><\/td>\n<\/tr>\n<tr>\n<td><b>C\u1ea5u h\u00ecnh \u0111\u00f3ng\/m\u1edf<\/b><\/td>\n<td><span style=\"font-weight: 400;\">2 b\u00ean h\u00f4ng + 1 m\u1eb7t sau (Cu\u1ed1n m\u1edf \u0111\u1ed9c l\u1eadp)<\/span><\/td>\n<\/tr>\n<tr>\n<td><b>Ph\u1ee5 ki\u1ec7n \u0111i k\u00e8m<\/b><\/td>\n<td><span style=\"font-weight: 400;\">Ch\u1ed1t kh\u00f3a b\u1ea1t, d\u00e2y r\u00fat\/t\u0103ng \u0111\u01a1, v\u00f2ng m\u00f3c inox\/m\u1ea1 k\u1ebdm<\/span><\/td>\n<\/tr>\n<\/tbody>\n<\/table>\n<p><i><span style=\"font-weight: 400;\">*L\u01b0u \u00fd: Th\u00f4ng s\u1ed1 tr\u00ean c\u00f3 th\u1ec3 \u0111\u01b0\u1ee3c t\u00f9y ch\u1ec9nh linh ho\u1ea1t \u0111\u1ec3 ph\u00f9 h\u1ee3p v\u1edbi t\u1eebng form xe nh\u01b0 Suzuki Carry, Thaco Towner, Dongben, Tera&#8230; v\u00e0 nhu c\u1ea7u ri\u00eang c\u1ee7a ch\u1ee7 xe.<\/span><\/i><\/p>\n<h2><b>4. T\u1ea1i Sao N\u00ean Ch\u1ecdn Gia C\u00f4ng Khung B\u1ea1t T\u1ea1i Metaltech 1?<\/b><\/h2>\n<p><span style=\"font-weight: 400;\">L\u00e0 nh\u00e0 m\u00e1y gia c\u00f4ng c\u01a1 kh\u00ed t\u1ed5ng h\u1ee3p uy t\u00edn t\u1ea1i \u0110\u1ed3ng Nai, Metaltech 1 mang \u0111\u1ebfn cho b\u1ea1n s\u1ea3n ph\u1ea9m t\u1eeb t\u1eadn x\u01b0\u1edfng s\u1ea3n xu\u1ea5t:<\/span><\/p>\n<ul>\n<li style=\"font-weight: 400;\" aria-level=\"1\"><b>Kh\u1edbp 100% k\u00edch th\u01b0\u1edbc th\u00f9ng xe:<\/b><span style=\"font-weight: 400;\"> Kh\u00f4ng d\u00f9ng h\u00e0ng s\u1ea3n xu\u1ea5t \u0111\u1ea1i tr\u00e0. Ch\u00fang t\u00f4i tr\u1ef1c ti\u1ebfp \u0111o \u0111\u1ea1c v\u00e0 gia c\u00f4ng chu\u1ea9n x\u00e1c cho t\u1eebng chi\u1ebfc xe.<\/span><\/li>\n<li style=\"font-weight: 400;\" aria-level=\"1\"><b>Gi\u00e1 x\u01b0\u1edfng c\u1ea1nh tranh:<\/b><span style=\"font-weight: 400;\"> T\u1ed1i \u01b0u chi ph\u00ed, kh\u00f4ng qua trung gian.<\/span><\/li>\n<li style=\"font-weight: 400;\" aria-level=\"1\"><b>Ch\u00ednh s\u00e1ch b\u1ea3o h\u00e0nh:<\/b><span style=\"font-weight: 400;\"> B\u1ea3o h\u00e0nh ch\u1ea5t l\u01b0\u1ee3ng khung v\u00e0 m\u00e9p \u00e9p b\u1ea1t l\u00ean \u0111\u1ebfn 12 th\u00e1ng. H\u1ed7 tr\u1ee3 b\u1ea3o tr\u00ec s\u1eeda ch\u1eefa, may thay b\u1ea1t m\u1edbi v\u1ec1 sau.<\/span><\/li>\n<li style=\"font-weight: 400;\" aria-level=\"1\"><b>D\u1ecbch v\u1ee5 chuy\u00ean nghi\u1ec7p:<\/b><span style=\"font-weight: 400;\"> C\u00f3 xu\u1ea5t h\u00f3a \u0111\u01a1n VAT \u0111\u1ea7y \u0111\u1ee7 cho doanh nghi\u1ec7p, h\u1ed7 tr\u1ee3 giao v\u00e0 l\u1eafp \u0111\u1eb7t t\u1eadn n\u01a1i (t\u00f9y khu v\u1ef1c).<\/span><\/li>\n<\/ul>\n<h2><b>5. Quy Tr\u00ecnh \u0110\u1eb7t H\u00e0ng Nhanh Ch\u00f3ng<\/b><\/h2>\n<p><span style=\"font-weight: 400;\">\u0110\u1ec3 s\u1edf h\u1eefu b\u1ed9 b\u1ea1t che ho\u00e0n h\u1ea3o, qu\u00fd kh\u00e1ch ch\u1ec9 c\u1ea7n tr\u1ea3i qua 5 b\u01b0\u1edbc \u0111\u01a1n gi\u1ea3n:<\/span><\/p>\n<ol>\n<li style=\"font-weight: 400;\" aria-level=\"1\"><b>Ti\u1ebfp nh\u1eadn th\u00f4ng tin:<\/b><span style=\"font-weight: 400;\"> Kh\u00e1ch h\u00e0ng g\u1eedi d\u00f2ng xe, k\u00edch th\u01b0\u1edbc th\u00f9ng xe v\u00e0 nhu c\u1ea7u m\u1edf b\u1ea1t qua Zalo\/Hotline.<\/span><\/li>\n<li style=\"font-weight: 400;\" aria-level=\"1\"><b>T\u01b0 v\u1ea5n &amp; L\u00ean ph\u01b0\u01a1ng \u00e1n:<\/b><span style=\"font-weight: 400;\"> Metaltech 1 g\u1eedi b\u1ea3n v\u1ebd ph\u00e1c th\u1ea3o c\u1ea5u h\u00ecnh khung v\u00e0 ch\u1ed1t lo\u1ea1i b\u1ea1t.<\/span><\/li>\n<li style=\"font-weight: 400;\" aria-level=\"1\"><b>B\u00e1o gi\u00e1 &amp; Ch\u1ed1t \u0111\u01a1n:<\/b><span style=\"font-weight: 400;\"> G\u1eedi b\u00e1o gi\u00e1 chi ti\u1ebft v\u00e0 ti\u1ebfn h\u00e0nh \u0111\u1eb7t c\u1ecdc gia c\u00f4ng.<\/span><\/li>\n<li style=\"font-weight: 400;\" aria-level=\"1\"><b>S\u1ea3n xu\u1ea5t &amp; L\u1eafp \u0111\u1eb7t:<\/b><span style=\"font-weight: 400;\"> Gia c\u00f4ng t\u1ea1i x\u01b0\u1edfng. Sau \u0111\u00f3 ti\u1ebfn h\u00e0nh l\u1eafp r\u00e1p l\u00ean xe (Th\u1eddi gian l\u1eafp \u0111\u1eb7t c\u1ef1c nhanh, ch\u1ec9 kho\u1ea3ng 60 &#8211; 90 ph\u00fat).<\/span><\/li>\n<li style=\"font-weight: 400;\" aria-level=\"1\"><b>Nghi\u1ec7m thu:<\/b><span style=\"font-weight: 400;\"> B\u00e0n giao xe, h\u01b0\u1edbng d\u1eabn c\u00e1ch cu\u1ed1n b\u1ea1t, r\u00e0ng d\u00e2y v\u00e0 thanh to\u00e1n.<\/span><\/li>\n<\/ol>\n<h2><b>C\u00e2u H\u1ecfi Th\u01b0\u1eddng G\u1eb7p (FAQ)<\/b><\/h2>\n<ol>\n<li><b> L\u1eafp b\u1ed9 khung b\u1ea1t n\u00e0y c\u00f3 c\u1ea7n ph\u1ea3i khoan \u0111\u1ee5c th\u1ee7ng th\u00f9ng xe kh\u00f4ng?<\/b><\/li>\n<\/ol>\n<p><b>Tr\u1ea3 l\u1eddi:<\/b><span style=\"font-weight: 400;\"> T\u00f9y thu\u1ed9c v\u00e0o thi\u1ebft k\u1ebf c\u1ee7a t\u1eebng d\u00f2ng xe. Tuy nhi\u00ean, Metaltech 1 lu\u00f4n \u01b0u ti\u00ean c\u00e1c ph\u01b0\u01a1ng \u00e1n s\u1eed d\u1ee5ng ng\u00e0m k\u1eb9p ho\u1eb7c b\u1eaft ch\u00e2n t\u0103ng ch\u1ec9nh t\u1eadn d\u1ee5ng l\u1ed7 \u1ed1c nguy\u00ean b\u1ea3n \u0111\u1ec3 h\u1ea1n ch\u1ebf t\u1ed1i \u0111a vi\u1ec7c khoan c\u1eaft, gi\u1eef nguy\u00ean zin cho th\u00f9ng xe c\u1ee7a b\u1ea1n.<\/span><\/p>\n<ol start=\"2\">\n<li><b> Xe ch\u1ea1y t\u1ed1c \u0111\u1ed9 cao tr\u00ean cao t\u1ed1c b\u1ea1t c\u00f3 b\u1ecb gi\u1eadt hay k\u00eau l\u1ee5p b\u1ee5p kh\u00f4ng?<\/b><\/li>\n<\/ol>\n<p><b>Tr\u1ea3 l\u1eddi:<\/b><span style=\"font-weight: 400;\"> S\u1ea3n ph\u1ea9m \u0111\u01b0\u1ee3c thi\u1ebft k\u1ebf \u00f4m form th\u00f9ng xe. Khi b\u1ea1n \u0111\u00f3ng c\u1eeda b\u1ea1t \u0111\u00fang quy c\u00e1ch v\u00e0 m\u00f3c \u0111\u1ee7 c\u00e1c \u0111i\u1ec3m d\u00e2y r\u00e0ng, b\u1ea1t s\u1ebd c\u0103ng v\u00e0 \u00f4m c\u1ef1c k\u1ef3 ch\u1eafc ch\u1eafn. Khuy\u1ebfn ngh\u1ecb t\u00e0i x\u1ebf lu\u00f4n ki\u1ec3m tra l\u1ea1i d\u00e2y r\u00e0ng t\u0103ng \u0111\u01a1 tr\u01b0\u1edbc khi di chuy\u1ec3n ch\u1eb7ng \u0111\u01b0\u1eddng d\u00e0i.<\/span><\/p>\n<ol start=\"3\">\n<li><b> Metaltech 1 c\u00f3 nh\u1eadn in logo th\u01b0\u01a1ng hi\u1ec7u c\u1ee7a c\u00f4ng ty l\u00ean b\u1ea1t kh\u00f4ng?<\/b><\/li>\n<\/ol>\n<p><b>Tr\u1ea3 l\u1eddi:<\/b><span style=\"font-weight: 400;\"> Ch\u1eafc ch\u1eafn l\u00e0 c\u00f3! Ch\u00fang t\u00f4i h\u1ed7 tr\u1ee3 d\u1ecbch v\u1ee5 in \u1ea5n ch\u1eef, s\u1ed1 \u0111i\u1ec7n tho\u1ea1i, logo c\u00f4ng ty l\u00ean hai b\u00ean h\u00f4ng b\u1ea1t theo file thi\u1ebft k\u1ebf, gi\u00fap bi\u1ebfn chi\u1ebfc xe t\u1ea3i c\u1ee7a b\u1ea1n th\u00e0nh m\u1ed9t bi\u1ec3n qu\u1ea3ng c\u00e1o di \u0111\u1ed9ng hi\u1ec7u qu\u1ea3.<\/span><\/p>","protected":false},"excerpt":{"rendered":"<p><b>B\u1ed9 B\u1ea1t Che Th\u00f9ng Xe T\u1ea3i Nh\u1ecf M\u1edf 3 Ph\u00eda (M\u00e3 SP: MT1-TC-3S)<\/b><span style=\"font-weight: 400;\"> l\u00e0 gi\u1ea3i ph\u00e1p che ch\u1eafn t\u1ed1i \u01b0u d\u00e0nh cho xe t\u1ea3i nh\u1eb9 v\u00e0 d\u00f2ng xe Kei Truck. V\u1edbi thi\u1ebft k\u1ebf khung th\u00e9p m\u1ea1 k\u1ebdm l\u1eafp gh\u00e9p linh ho\u1ea1t v\u00e0 l\u1edbp b\u1ea1t PVC ch\u1ed1ng th\u1ea5m cao c\u1ea5p, s\u1ea3n ph\u1ea9m gi\u00fap b\u1ea3o v\u1ec7 h\u00e0ng h\u00f3a an to\u00e0n tuy\u1ec7t \u0111\u1ed1i tr\u01b0\u1edbc n\u1eafng, m\u01b0a, b\u1ee5i b\u1ea9n. \u0110\u1eb7c bi\u1ec7t, thi\u1ebft k\u1ebf cu\u1ed1n m\u1edf 3 ph\u00eda (hai b\u00ean h\u00f4ng v\u00e0 ph\u00eda sau) mang l\u1ea1i s\u1ef1 ti\u1ec7n l\u1ee3i t\u1ed1i \u0111a khi b\u1ed1c d\u1ee1 h\u00e0ng h\u00f3a trong kh\u00f4ng gian \u0111\u00f4 th\u1ecb ch\u1eadt h\u1eb9p.<\/span><\/p>\n<ul>\n<li style=\"font-weight: 400;\" aria-level=\"1\"><b>Th\u01b0\u01a1ng hi\u1ec7u:<\/b><span style=\"font-weight: 400;\"> METALTECH 1 \u2013 Gia c\u00f4ng c\u01a1 kh\u00ed Bi\u00ean H\u00f2a, \u0110\u1ed3ng Nai.<\/span><\/li>\n<li style=\"font-weight: 400;\" aria-level=\"1\"><b>B\u1ea3o h\u00e0nh:<\/b><span style=\"font-weight: 400;\"> 12 th\u00e1ng (H\u1ed7 tr\u1ee3 b\u1ea3o tr\u00ec, thay b\u1ea1t tr\u1ecdn \u0111\u1eddi).<\/span><\/li>\n<li><b>T\u00f9y ch\u1ec9nh:<\/b><span style=\"font-weight: 400;\"> S\u1ea3n xu\u1ea5t \u0111o \u0111\u1ea1c theo \u0111\u00fang k\u00edch th\u01b0\u1edbc th\u00f9ng xe th\u1ef1c t\u1ebf.<\/span><\/li>\n<\/ul>","protected":false},"featured_media":1069,"comment_status":"open","ping_status":"closed","template":"","meta":[],"product_brand":[],"product_cat":[25],"product_tag":[],"class_list":{"0":"post-1062","1":"product","2":"type-product","3":"status-publish","4":"has-post-thumbnail","6":"product_cat-bat-che","8":"first","9":"instock","10":"shipping-taxable","11":"product-type-simple"},"_links":{"self":[{"href":"https:\/\/thienanth.io.vn\/en\/wp-json\/wp\/v2\/product\/1062","targetHints":{"allow":["GET"]}}],"collection":[{"href":"https:\/\/thienanth.io.vn\/en\/wp-json\/wp\/v2\/product"}],"about":[{"href":"https:\/\/thienanth.io.vn\/en\/wp-json\/wp\/v2\/types\/product"}],"replies":[{"embeddable":true,"href":"https:\/\/thienanth.io.vn\/en\/wp-json\/wp\/v2\/comments?post=1062"}],"wp:featuredmedia":[{"embeddable":true,"href":"https:\/\/thienanth.io.vn\/en\/wp-json\/wp\/v2\/media\/1069"}],"wp:attachment":[{"href":"https:\/\/thienanth.io.vn\/en\/wp-json\/wp\/v2\/media?parent=1062"}],"wp:term":[{"taxonomy":"product_brand","embeddable":true,"href":"https:\/\/thienanth.io.vn\/en\/wp-json\/wp\/v2\/product_brand?post=1062"},{"taxonomy":"product_cat","embeddable":true,"href":"https:\/\/thienanth.io.vn\/en\/wp-json\/wp\/v2\/product_cat?post=1062"},{"taxonomy":"product_tag","embeddable":true,"href":"https:\/\/thienanth.io.vn\/en\/wp-json\/wp\/v2\/product_tag?post=1062"}],"curies":[{"name":"wp","href":"https:\/\/api.w.org\/{rel}","templated":true}]}}