{"id":925,"date":"2026-04-07T01:17:09","date_gmt":"2026-04-06T18:17:09","guid":{"rendered":"https:\/\/thienanth.io.vn\/?page_id=925"},"modified":"2026-04-07T20:48:23","modified_gmt":"2026-04-07T13:48:23","slug":"gioi-thieu","status":"publish","type":"page","link":"https:\/\/thienanth.io.vn\/en\/gioi-thieu\/","title":{"rendered":"Introduction"},"content":{"rendered":"<div data-elementor-type=\"wp-page\" data-elementor-id=\"925\" class=\"elementor elementor-925\" data-elementor-post-type=\"page\">\n\t\t\t\t<div class=\"elementor-element elementor-element-6fbd80c5 e-con-full e-flex e-con e-parent\" data-id=\"6fbd80c5\" data-element_type=\"container\" data-e-type=\"container\" data-settings=\"{&quot;background_background&quot;:&quot;classic&quot;,&quot;shape_divider_bottom&quot;:&quot;tilt&quot;}\">\n\t\t\t\t<div class=\"elementor-shape elementor-shape-bottom\" aria-hidden=\"true\" data-negative=\"false\">\n\t\t\t<svg xmlns=\"http:\/\/www.w3.org\/2000\/svg\" viewbox=\"0 0 1000 100\" preserveaspectratio=\"none\">\n\t<path class=\"elementor-shape-fill\" d=\"M0,6V0h1000v100L0,6z\"\/>\n<\/svg>\t\t<\/div>\n\t\t<div class=\"elementor-element elementor-element-1ec5797d e-con-full e-flex e-con e-child\" data-id=\"1ec5797d\" data-element_type=\"container\" data-e-type=\"container\" data-settings=\"{&quot;background_background&quot;:&quot;classic&quot;}\">\n\t\t\t\t<div class=\"elementor-element elementor-element-730b9861 elementor-widget__width-initial m0 elementor-widget elementor-widget-text-editor\" data-id=\"730b9861\" data-element_type=\"widget\" data-e-type=\"widget\" data-widget_type=\"text-editor.default\">\n\t\t\t\t\t\t\t\t\t<p><nav aria-label=\"breadcrumbs\" class=\"rank-math-breadcrumb\"><p><span class=\"last\">Home<\/span><\/p><\/nav><\/p>\t\t\t\t\t\t\t\t<\/div>\n\t\t\t\t<div class=\"elementor-element elementor-element-68b1a5ba elementor-widget__width-initial elementor-widget elementor-widget-heading\" data-id=\"68b1a5ba\" data-element_type=\"widget\" data-e-type=\"widget\" data-widget_type=\"heading.default\">\n\t\t\t\t\t<h1 class=\"elementor-heading-title elementor-size-default\">Introduction<\/h1>\t\t\t\t<\/div>\n\t\t\t\t<div class=\"elementor-element elementor-element-490b8969 elementor-widget__width-initial elementor-widget elementor-widget-button\" data-id=\"490b8969\" data-element_type=\"widget\" data-e-type=\"widget\" data-widget_type=\"button.default\">\n\t\t\t\t\t\t\t\t\t\t<a class=\"elementor-button elementor-button-link elementor-size-sm\" href=\"\/en\/lien-he\/\">\n\t\t\t\t\t\t<span class=\"elementor-button-content-wrapper\">\n\t\t\t\t\t\t<span class=\"elementor-button-icon\">\n\t\t\t\t<svg aria-hidden=\"true\" class=\"e-font-icon-svg e-fas-arrow-circle-right\" viewbox=\"0 0 512 512\" xmlns=\"http:\/\/www.w3.org\/2000\/svg\"><path d=\"M256 8c137 0 248 111 248 248S393 504 256 504 8 393 8 256 119 8 256 8zm-28.9 143.6l75.5 72.4H120c-13.3 0-24 10.7-24 24v16c0 13.3 10.7 24 24 24h182.6l-75.5 72.4c-9.7 9.3-9.9 24.8-.4 34.3l11 10.9c9.4 9.4 24.6 9.4 33.9 0L404.3 273c9.4-9.4 9.4-24.6 0-33.9L271.6 106.3c-9.4-9.4-24.6-9.4-33.9 0l-11 10.9c-9.5 9.6-9.3 25.1.4 34.4z\"><\/path><\/svg>\t\t\t<\/span>\n\t\t\t\t\t\t\t\t\t<span class=\"elementor-button-text\">CONTACT<\/span>\n\t\t\t\t\t<\/span>\n\t\t\t\t\t<\/a>\n\t\t\t\t\t\t\t\t<\/div>\n\t\t\t\t<\/div>\n\t\t<div class=\"elementor-element elementor-element-ac93b7c e-con-full e-flex e-con e-child\" data-id=\"ac93b7c\" data-element_type=\"container\" data-e-type=\"container\" data-settings=\"{&quot;background_background&quot;:&quot;classic&quot;}\">\n\t\t\t\t<\/div>\n\t\t\t\t<\/div>\n\t\t<div class=\"elementor-element elementor-element-4bb8db54 e-flex e-con-boxed e-con e-parent\" data-id=\"4bb8db54\" data-element_type=\"container\" data-e-type=\"container\">\n\t\t\t\t\t<div class=\"e-con-inner\">\n\t\t\t\t<div class=\"elementor-element elementor-element-6499f147 elementor-widget elementor-widget-text-editor\" data-id=\"6499f147\" data-element_type=\"widget\" data-e-type=\"widget\" data-widget_type=\"text-editor.default\">\n\t\t\t\t\t\t\t\t\t<p><span style=\"color: #000000;\">Ch\u00e0o m\u1eebng Qu\u00fd kh\u00e1ch h\u00e0ng v\u00e0 \u0110\u1ed1i t\u00e1c \u0111\u1ebfn v\u1edbi Metaltech 1! T\u1ecda l\u1ea1c t\u1ea1i KCN Tam Ph\u01b0\u1edbc, t\u1ec9nh \u0110\u1ed3ng Nai, ch\u00fang t\u00f4i t\u1ef1 h\u00e0o l\u00e0 m\u1ed9t trong nh\u1eefng \u0111\u01a1n v\u1ecb chuy\u00ean nghi\u1ec7p h\u00e0ng \u0111\u1ea7u cung c\u1ea5p gi\u1ea3i ph\u00e1p to\u00e0n di\u1ec7n v\u1ec1 gia c\u00f4ng c\u01a1 kh\u00ed, x\u1eed l\u00fd b\u1ec1 m\u1eb7t v\u00e0 ch\u1ebf t\u1ea1o c\u1ea5u ki\u1ec7n kim lo\u1ea1i. V\u1edbi d\u00e2y chuy\u1ec1n s\u1ea3n xu\u1ea5t hi\u1ec7n \u0111\u1ea1i v\u00e0 \u0111\u1ed9i ng\u0169 k\u1ef9 s\u01b0 gi\u00e0u kinh nghi\u1ec7m, Metaltech 1 cam k\u1ebft mang \u0111\u1ebfn nh\u1eefng s\u1ea3n ph\u1ea9m \u0111\u1ea1t \u0111\u1ed9 ch\u00ednh x\u00e1c cao nh\u1ea5t, \u0111\u00e1p \u1ee9ng kh\u1eaft khe c\u00e1c ti\u00eau chu\u1ea9n k\u1ef9 thu\u1eadt c\u00f4ng nghi\u1ec7p.<\/span><\/p><h2><span style=\"color: #000000;\"><b>1. Metaltech 1 &#8211; N\u0103ng L\u1ef1c S\u1ea3n Xu\u1ea5t \u0110\u1ed9t Ph\u00e1<\/b><\/span><\/h2><p><span style=\"color: #000000;\">\u0110\u01b0\u1ee3c th\u00e0nh l\u1eadp v\u1edbi m\u1ee5c ti\u00eau tr\u1edf th\u00e0nh m\u1eaft x\u00edch v\u1eefng ch\u1eafc trong chu\u1ed7i cung \u1ee9ng c\u00f4ng nghi\u1ec7p ph\u1ee5 tr\u1ee3 t\u1ea1i khu v\u1ef1c ph\u00eda Nam, Metaltech 1 kh\u00f4ng ng\u1eebng \u0111\u1ea7u t\u01b0 v\u00e0o h\u1ec7 th\u1ed1ng trang thi\u1ebft b\u1ecb v\u00e0 t\u1ed1i \u01b0u h\u00f3a quy tr\u00ecnh qu\u1ea3n l\u00fd ch\u1ea5t l\u01b0\u1ee3ng (QA\/QC).<\/span><\/p><p><span style=\"font-weight: 400; color: #000000;\">Ch\u00fang t\u00f4i th\u1ea5u hi\u1ec3u r\u1eb1ng, trong ng\u00e0nh c\u01a1 kh\u00ed, \u0111\u1ed9 ch\u00ednh x\u00e1c v\u00e0 ti\u1ebfn \u0111\u1ed9 giao h\u00e0ng l\u00e0 hai y\u1ebfu t\u1ed1 s\u1ed1ng c\u00f2n. V\u00ec v\u1eady, nh\u00e0 m\u00e1y c\u1ee7a Metaltech 1 \u0111\u01b0\u1ee3c quy ho\u1ea1ch b\u00e0i b\u1ea3n, s\u1eb5n s\u00e0ng \u0111\u00e1p \u1ee9ng t\u1eeb c\u00e1c \u0111\u01a1n h\u00e0ng s\u1ea3n xu\u1ea5t lo\u1ea1t nh\u1ecf (prototyping) \u0111\u1ebfn gia c\u00f4ng h\u00e0ng lo\u1ea1t s\u1ed1 l\u01b0\u1ee3ng l\u1edbn cho c\u00e1c nh\u00e0 m\u00e1y, t\u1ed5ng th\u1ea7u x\u00e2y d\u1ef1ng v\u00e0 \u0111\u1ed1i t\u00e1c xu\u1ea5t kh\u1ea9u.<\/span><\/p><h2><span style=\"color: #000000;\"><b>2. C\u00e1c D\u1ecbch V\u1ee5 C\u1ed1t L\u00f5i T\u1ea1i Metaltech 1<\/b><\/span><\/h2><p><span style=\"font-weight: 400; color: #000000;\">\u0110\u1ec3 cung c\u1ea5p quy tr\u00ecnh s\u1ea3n xu\u1ea5t kh\u00e9p k\u00edn, t\u1ed1i \u01b0u chi ph\u00ed v\u00e0 th\u1eddi gian cho kh\u00e1ch h\u00e0ng, ch\u00fang t\u00f4i t\u1eadp trung ph\u00e1t tri\u1ec3n 5 m\u1ea3ng d\u1ecbch v\u1ee5 m\u0169i nh\u1ecdn:<\/span><\/p><h3><span style=\"color: #000000;\"><b>C\u1eaft Laser \u1ed0ng &amp; T\u1ea5m Kim Lo\u1ea1i<\/b><\/span><\/h3><p><span style=\"font-weight: 400; color: #000000;\">S\u1eed d\u1ee5ng c\u00f4ng ngh\u1ec7 c\u1eaft laser CNC ti\u00ean ti\u1ebfn, ch\u00fang t\u00f4i th\u1ef1c hi\u1ec7n gia c\u00f4ng nhanh ch\u00f3ng, bi\u00ean d\u1ea1ng c\u1eaft s\u1eafc n\u00e9t, kh\u00f4ng bavia. H\u1ec7 th\u1ed1ng m\u00e1y m\u00f3c \u0111\u00e1p \u1ee9ng t\u1ed1t vi\u1ec7c c\u1eaft c\u00e1c chi ti\u1ebft c\u00f3 \u0111\u1ed9 ph\u1ee9c t\u1ea1p cao tr\u00ean nhi\u1ec1u lo\u1ea1i v\u1eadt li\u1ec7u (Th\u00e9p, Inox, Nh\u00f4m&#8230;).<\/span><\/p><p><span style=\"color: #000000;\"><img fetchpriority=\"high\" decoding=\"async\" class=\"aligncenter\" src=\"https:\/\/hhtmetals.com\/wp-content\/uploads\/2023\/05\/Cat-laser-ong-hop.jpg\" alt=\"Gia c\u00f4ng c\u1eaft Laser \u1ed0ng H\u1ed9p Kim Lo\u1ea1i t\u1ea1i TPHCM, B\u00ecnh D\u01b0\u01a1ng, \u0110\u1ed3ng Nai - HHT Metals\" width=\"699\" height=\"437\" \/><\/span><\/p><h3><span style=\"color: #000000;\"><b>U\u1ed1n \u1ed0ng, U\u1ed1n Kim Lo\u1ea1i CNC<\/b><\/span><\/h3><p><span style=\"font-weight: 400; color: #000000;\">Cung c\u1ea5p gi\u1ea3i ph\u00e1p t\u1ea1o h\u00ecnh kim lo\u1ea1i linh ho\u1ea1t, ch\u00ednh x\u00e1c theo \u0111\u00fang b\u1ea3n v\u1ebd k\u1ef9 thu\u1eadt c\u1ee7a kh\u00e1ch h\u00e0ng, \u0111\u1ea3m b\u1ea3o dung sai nh\u1ecf nh\u1ea5t v\u00e0 kh\u00f4ng l\u00e0m bi\u1ebfn d\u1ea1ng c\u1ea5u tr\u00fac v\u1eadt li\u1ec7u.<\/span><\/p><p><span style=\"color: #000000;\"><img decoding=\"async\" class=\"aligncenter\" src=\"https:\/\/langhe-industry.com\/wp-content\/uploads\/2025\/03\/Metal-Bending-lh.jpg\" alt=\"U\u1ed1n kim lo\u1ea1i - nguy\u00ean t\u1eafc, K\u1ef9 thu\u1eadt, v\u00e0 c\u00e1c \u1ee9ng d\u1ee5ng - C\u00f4ng ty C\u00f4ng nghi\u1ec7p Langhe, Ltd.\" width=\"702\" height=\"421\" \/><\/span><\/p><h3><span style=\"color: #000000;\"><b>Gia C\u00f4ng H\u00e0n (Laser, CO\u2082, Tig\/Mig)<\/b><\/span><\/h3><p><span style=\"font-weight: 400; color: #000000;\">\u0110\u1ed9i ng\u0169 th\u1ee3 h\u00e0n tay ngh\u1ec1 cao k\u1ebft h\u1ee3p c\u00f9ng c\u00f4ng ngh\u1ec7 h\u00e0n \u0111a d\u1ea1ng gi\u00fap t\u1ea1o ra nh\u1eefng m\u1ed1i h\u00e0n c\u00f3 \u0111\u1ed9 ng\u1ea5u s\u00e2u, ch\u1ecbu l\u1ef1c t\u1ed1t v\u00e0 \u0111\u1ea1t t\u00ednh th\u1ea9m m\u1ef9 cao, ph\u00f9 h\u1ee3p cho c\u1ea3 k\u1ebft c\u1ea5u ch\u1ecbu l\u1ef1c l\u1eabn chi ti\u1ebft trang tr\u00ed.<\/span><\/p><p><span style=\"color: #000000;\"><img decoding=\"async\" class=\"aligncenter\" src=\"https:\/\/bizweb.dktcdn.net\/100\/374\/570\/files\/phuong-phap-gia-cong-han-1.jpg?v=1711002787570\" alt=\"C\u00e1c ph\u01b0\u01a1ng ph\u00e1p gia c\u00f4ng h\u00e0n kim lo\u1ea1i b\u1ea1n c\u1ea7n bi\u1ebft C\u00f4ng ty TNHH HQ TECH Vi\u1ec7t Nam\" \/><\/span><\/p><h3><span style=\"color: #000000;\"><b>S\u01a1n T\u0129nh \u0110i\u1ec7n Kim Lo\u1ea1i<\/b><\/span><\/h3><p><span style=\"font-weight: 400; color: #000000;\">Ho\u00e0n thi\u1ec7n b\u1ec1 m\u1eb7t s\u1ea3n ph\u1ea9m b\u1eb1ng d\u00e2y chuy\u1ec1n s\u01a1n t\u0129nh \u0111i\u1ec7n kh\u00e9p k\u00edn. L\u1edbp s\u01a1n b\u00e1m d\u00ednh ch\u1eafc ch\u1eafn, \u0111\u1ec1u m\u00e0u, gi\u00fap s\u1ea3n ph\u1ea9m ch\u1ed1ng oxy h\u00f3a t\u1ed1i \u0111a v\u00e0 b\u1ec1n b\u1ec9 trong m\u1ecdi \u0111i\u1ec1u ki\u1ec7n m\u00f4i tr\u01b0\u1eddng.<\/span><\/p><p><span style=\"color: #000000;\"><img decoding=\"async\" class=\"aligncenter\" src=\"https:\/\/file.hstatic.net\/1000400963\/file\/son-tinh-dien_d648e2bf2ed2456e9faa63b504d9f73e.jpg\" alt=\"S\u01a1n t\u0129nh \u0111i\u1ec7n l\u00e0 g\u00ec? S\u01a1n t\u0129nh \u0111i\u1ec7n \u0111\u01b0\u1ee3c \u1ee9ng d\u1ee5ng nh\u01b0 th\u1ebf n\u00e0o - XDAILY\" width=\"704\" height=\"469\" \/><\/span><\/p><h3><span style=\"color: #000000;\"><b>Thi\u1ebft K\u1ebf &amp; Ch\u1ebf T\u1ea1o S\u1ea3n Ph\u1ea9m C\u01a1 Kh\u00ed Theo Y\u00eau C\u1ea7u<\/b><\/span><\/h3><p><span style=\"font-weight: 400; color: #000000;\">B\u00ean c\u1ea1nh gia c\u00f4ng t\u1eebng c\u00f4ng \u0111o\u1ea1n, Metaltech 1 c\u00f2n cung c\u1ea5p d\u1ecbch v\u1ee5 OEM\/ODM tr\u1ecdn g\u00f3i. \u0110\u1ed9i ng\u0169 k\u1ef9 s\u01b0 s\u1ebd h\u1ed7 tr\u1ee3 b\u00f3c t\u00e1ch b\u1ea3n v\u1ebd, thi\u1ebft k\u1ebf v\u00e0 tr\u1ef1c ti\u1ebfp ch\u1ebf t\u1ea1o ra th\u00e0nh ph\u1ea9m cu\u1ed1i c\u00f9ng theo \u00fd t\u01b0\u1edfng c\u1ee7a doanh nghi\u1ec7p.<\/span><\/p><h2><span style=\"color: #000000;\"><b>3. T\u1ea1i Sao Kh\u00e1ch H\u00e0ng B2B L\u1ef1a Ch\u1ecdn Metaltech 1?<\/b><\/span><\/h2><ul><li style=\"font-weight: 400;\" aria-level=\"1\"><span style=\"color: #000000;\"><b>Ch\u1ea5t l\u01b0\u1ee3ng \u0111\u1ed3ng nh\u1ea5t:<\/b><span style=\"font-weight: 400;\"> T\u1eebng chi ti\u1ebft nh\u1ecf nh\u1ea5t tr\u01b0\u1edbc khi xu\u1ea5t x\u01b0\u1edfng \u0111\u1ec1u ph\u1ea3i v\u01b0\u1ee3t qua quy tr\u00ecnh ki\u1ec3m \u0111\u1ecbnh ch\u1ea5t l\u01b0\u1ee3ng nghi\u00eam ng\u1eb7t.<\/span><\/span><\/li><li style=\"font-weight: 400;\" aria-level=\"1\"><span style=\"color: #000000;\"><b>T\u1ed1i \u01b0u chi ph\u00ed:<\/b><span style=\"font-weight: 400;\"> Quy tr\u00ecnh s\u1ea3n xu\u1ea5t kh\u00e9p k\u00edn t\u1eeb kh\u00e2u c\u1eaft ch\u1ea5n \u0111\u1ebfn s\u01a1n ho\u00e0n thi\u1ec7n ngay t\u1ea1i x\u01b0\u1edfng gi\u00fap gi\u1ea3m thi\u1ec3u t\u1ed1i \u0111a chi ph\u00ed trung gian.<\/span><\/span><\/li><li style=\"font-weight: 400;\" aria-level=\"1\"><span style=\"color: #000000;\"><b>Ti\u1ebfn \u0111\u1ed9 cam k\u1ebft:<\/b><span style=\"font-weight: 400;\"> Ho\u1ea1t \u0111\u1ed9ng v\u1edbi c\u00f4ng su\u1ea5t cao, ch\u00fang t\u00f4i \u0111\u1ea3m b\u1ea3o th\u1eddi gian giao h\u00e0ng \u0111\u00fang th\u1ecfa thu\u1eadn, kh\u00f4ng l\u00e0m \u0111\u1ee9t g\u00e3y chu\u1ed7i s\u1ea3n xu\u1ea5t c\u1ee7a \u0111\u1ed1i t\u00e1c.<\/span><\/span><\/li><li style=\"font-weight: 400;\" aria-level=\"1\"><span style=\"color: #000000;\"><b>V\u1ecb tr\u00ed chi\u1ebfn l\u01b0\u1ee3c:<\/b><span style=\"font-weight: 400;\"> N\u1eb1m t\u1ea1i KCN Tam Ph\u01b0\u1edbc, \u0110\u1ed3ng Nai &#8211; trung t\u00e2m c\u00f4ng nghi\u1ec7p c\u1ee7a mi\u1ec1n Nam, v\u00f4 c\u00f9ng thu\u1eadn ti\u1ec7n cho vi\u1ec7c v\u1eadn chuy\u1ec3n h\u00e0ng h\u00f3a n\u1ed9i \u0111\u1ecba v\u00e0 xu\u1ea5t kh\u1ea9u.<\/span><\/span><\/li><\/ul><h2><span style=\"color: #000000;\"><b>4. T\u1ea7m Nh\u00ecn v\u00e0 S\u1ee9 M\u1ec7nh<\/b><\/span><\/h2><ul><li style=\"font-weight: 400;\" aria-level=\"1\"><span style=\"color: #000000;\"><b>T\u1ea7m nh\u00ecn:<\/b><span style=\"font-weight: 400;\"> Tr\u1edf th\u00e0nh bi\u1ec3u t\u01b0\u1ee3ng uy t\u00edn trong ng\u00e0nh gia c\u00f4ng c\u01a1 kh\u00ed ph\u1ee5 tr\u1ee3 t\u1ea1i Vi\u1ec7t Nam, v\u01b0\u01a1n t\u1ea7m \u0111\u00e1p \u1ee9ng c\u00e1c ti\u00eau chu\u1ea9n qu\u1ed1c t\u1ebf.<\/span><\/span><\/li><li><span style=\"color: #000000;\"><b>S\u1ee9 m\u1ec7nh:<\/b><span style=\"font-weight: 400;\"> Cung c\u1ea5p c\u00e1c s\u1ea3n ph\u1ea9m c\u01a1 kh\u00ed ch\u1ea5t l\u01b0\u1ee3ng cao, mang l\u1ea1i gi\u00e1 tr\u1ecb gia t\u0103ng th\u1ef1c s\u1ef1 cho \u0111\u1ed1i t\u00e1c v\u00e0 g\u00f3p ph\u1ea7n th\u00fac \u0111\u1ea9y s\u1ef1 ph\u00e1t tri\u1ec3n c\u1ee7a ng\u00e0nh c\u00f4ng nghi\u1ec7p n\u01b0\u1edbc nh\u00e0.<\/span><\/span><\/li><\/ul>\t\t\t\t\t\t\t\t<\/div>\n\t\t\t\t\t<\/div>\n\t\t\t\t<\/div>\n\t\t<div class=\"elementor-element elementor-element-33ecc87e e-flex e-con-boxed e-con e-parent\" data-id=\"33ecc87e\" data-element_type=\"container\" data-e-type=\"container\">\n\t\t\t\t\t<div class=\"e-con-inner\">\n\t\t\t\t<div class=\"elementor-element elementor-element-407f320f elementor-widget elementor-widget-image\" data-id=\"407f320f\" data-element_type=\"widget\" data-e-type=\"widget\" data-widget_type=\"image.default\">\n\t\t\t\t\t\t\t\t\t\t\t\t\t\t\t<img loading=\"lazy\" decoding=\"async\" width=\"3\" height=\"117\" src=\"https:\/\/thienanth.io.vn\/wp-content\/uploads\/2026\/04\/dark-line.png\" class=\"attachment-full size-full wp-image-544\" alt=\"\" \/>\t\t\t\t\t\t\t\t\t\t\t\t\t\t\t<\/div>\n\t\t\t\t<div class=\"elementor-element elementor-element-39b7ebc1 elementor-widget elementor-widget-heading\" data-id=\"39b7ebc1\" data-element_type=\"widget\" data-e-type=\"widget\" data-widget_type=\"heading.default\">\n\t\t\t\t\t<p class=\"elementor-heading-title elementor-size-default\">CONTACT ADVICE<\/p>\t\t\t\t<\/div>\n\t\t\t\t<div class=\"elementor-element elementor-element-5aa125b5 elementor-widget elementor-widget-heading\" data-id=\"5aa125b5\" data-element_type=\"widget\" data-e-type=\"widget\" data-widget_type=\"heading.default\">\n\t\t\t\t\t<p class=\"elementor-heading-title elementor-size-default\">Introduction<\/p>\t\t\t\t<\/div>\n\t\t\t\t<div class=\"elementor-element elementor-element-3704b93a elementor-align-center elementor-widget elementor-widget-button\" data-id=\"3704b93a\" data-element_type=\"widget\" data-e-type=\"widget\" data-widget_type=\"button.default\">\n\t\t\t\t\t\t\t\t\t\t<a class=\"elementor-button elementor-button-link elementor-size-sm\" href=\"\/en\/lien-he\/\">\n\t\t\t\t\t\t<span class=\"elementor-button-content-wrapper\">\n\t\t\t\t\t\t\t\t\t<span class=\"elementor-button-text\">LI\u00caN H\u1ec6 V\u1edaI CH\u00daNG T\u00d4I<\/span>\n\t\t\t\t\t<\/span>\n\t\t\t\t\t<\/a>\n\t\t\t\t\t\t\t\t<\/div>\n\t\t\t\t\t<\/div>\n\t\t\t\t<\/div>\n\t\t\t\t<\/div>","protected":false},"excerpt":{"rendered":"<p>LI\u00caN H\u1ec6 Ch\u00e0o m\u1eebng Qu\u00fd kh\u00e1ch h\u00e0ng v\u00e0 \u0110\u1ed1i t\u00e1c \u0111\u1ebfn v\u1edbi Metaltech 1! T\u1ecda l\u1ea1c t\u1ea1i KCN Tam Ph\u01b0\u1edbc, t\u1ec9nh \u0110\u1ed3ng Nai, ch\u00fang t\u00f4i t\u1ef1 h\u00e0o l\u00e0 m\u1ed9t trong nh\u1eefng \u0111\u01a1n v\u1ecb chuy\u00ean nghi\u1ec7p h\u00e0ng \u0111\u1ea7u cung c\u1ea5p gi\u1ea3i ph\u00e1p to\u00e0n di\u1ec7n v\u1ec1 gia c\u00f4ng c\u01a1 kh\u00ed, x\u1eed l\u00fd b\u1ec1 m\u1eb7t v\u00e0 ch\u1ebf t\u1ea1o [&hellip;]<\/p>\n","protected":false},"author":1,"featured_media":0,"parent":0,"menu_order":0,"comment_status":"closed","ping_status":"closed","template":"","meta":{"footnotes":""},"class_list":["post-925","page","type-page","status-publish","hentry"],"_links":{"self":[{"href":"https:\/\/thienanth.io.vn\/en\/wp-json\/wp\/v2\/pages\/925","targetHints":{"allow":["GET"]}}],"collection":[{"href":"https:\/\/thienanth.io.vn\/en\/wp-json\/wp\/v2\/pages"}],"about":[{"href":"https:\/\/thienanth.io.vn\/en\/wp-json\/wp\/v2\/types\/page"}],"author":[{"embeddable":true,"href":"https:\/\/thienanth.io.vn\/en\/wp-json\/wp\/v2\/users\/1"}],"replies":[{"embeddable":true,"href":"https:\/\/thienanth.io.vn\/en\/wp-json\/wp\/v2\/comments?post=925"}],"version-history":[{"count":0,"href":"https:\/\/thienanth.io.vn\/en\/wp-json\/wp\/v2\/pages\/925\/revisions"}],"wp:attachment":[{"href":"https:\/\/thienanth.io.vn\/en\/wp-json\/wp\/v2\/media?parent=925"}],"curies":[{"name":"wp","href":"https:\/\/api.w.org\/{rel}","templated":true}]}}